{"id":1131,"date":"2020-04-02T15:25:09","date_gmt":"2020-04-02T15:25:09","guid":{"rendered":"https:\/\/www.kaukinen.net\/?page_id=1131"},"modified":"2023-05-22T10:22:01","modified_gmt":"2023-05-22T10:22:01","slug":"pohjois-suomi-syyskesa-2006","status":"publish","type":"page","link":"https:\/\/www.kaukinen.net\/?page_id=1131","title":{"rendered":"Pohjois-Suomi, syyskes\u00e4 2006"},"content":{"rendered":"\n<figure class=\"wp-block-image size-large\"><img loading=\"lazy\" decoding=\"async\" width=\"600\" height=\"400\" src=\"https:\/\/www.kaukinen.net\/wp-content\/uploads\/2020\/04\/reissu06_01.jpg\" alt=\"\" class=\"wp-image-1176\" srcset=\"https:\/\/www.kaukinen.net\/wp-content\/uploads\/2020\/04\/reissu06_01.jpg 600w, https:\/\/www.kaukinen.net\/wp-content\/uploads\/2020\/04\/reissu06_01-300x200.jpg 300w\" sizes=\"(max-width: 600px) 85vw, 600px\" \/><figcaption class=\"wp-element-caption\">Matkaan l\u00e4hdimme elokuun puoliv\u00e4liss\u00e4, suuntana Lappi. Kuva Harrinivan lomakeskuksesta Muoniosta.\n<\/figcaption><\/figure>\n\n\n\n<figure class=\"wp-block-image size-large\"><img loading=\"lazy\" decoding=\"async\" width=\"600\" height=\"400\" src=\"https:\/\/www.kaukinen.net\/wp-content\/uploads\/2020\/04\/reissu06_02.jpg\" alt=\"\" class=\"wp-image-1175\" srcset=\"https:\/\/www.kaukinen.net\/wp-content\/uploads\/2020\/04\/reissu06_02.jpg 600w, https:\/\/www.kaukinen.net\/wp-content\/uploads\/2020\/04\/reissu06_02-300x200.jpg 300w\" sizes=\"(max-width: 600px) 85vw, 600px\" \/><figcaption class=\"wp-element-caption\">Vihdoinkin poroja n\u00e4kyi! Olimme jo v\u00e4h\u00e4n ihmetelleet, kun ei niit\u00e4 meid\u00e4n silmiin osu juuri ollenkaan. Mutta oli vain tultava tarpeeksi pohjoiseen\u2026\n<\/figcaption><\/figure>\n\n\n\n<figure class=\"wp-block-image size-large\"><img loading=\"lazy\" decoding=\"async\" width=\"600\" height=\"400\" src=\"https:\/\/www.kaukinen.net\/wp-content\/uploads\/2020\/04\/reissu06_03.jpg\" alt=\"\" class=\"wp-image-1174\" srcset=\"https:\/\/www.kaukinen.net\/wp-content\/uploads\/2020\/04\/reissu06_03.jpg 600w, https:\/\/www.kaukinen.net\/wp-content\/uploads\/2020\/04\/reissu06_03-300x200.jpg 300w\" sizes=\"(max-width: 600px) 85vw, 600px\" \/><\/figure>\n\n\n\n<figure class=\"wp-block-image size-large\"><img loading=\"lazy\" decoding=\"async\" width=\"600\" height=\"400\" src=\"https:\/\/www.kaukinen.net\/wp-content\/uploads\/2020\/04\/reissu06_04.jpg\" alt=\"\" class=\"wp-image-1173\" srcset=\"https:\/\/www.kaukinen.net\/wp-content\/uploads\/2020\/04\/reissu06_04.jpg 600w, https:\/\/www.kaukinen.net\/wp-content\/uploads\/2020\/04\/reissu06_04-300x200.jpg 300w\" sizes=\"(max-width: 600px) 85vw, 600px\" \/><\/figure>\n\n\n\n<figure class=\"wp-block-image size-large\"><img loading=\"lazy\" decoding=\"async\" width=\"600\" height=\"400\" src=\"https:\/\/www.kaukinen.net\/wp-content\/uploads\/2020\/04\/reissu06_05.jpg\" alt=\"\" class=\"wp-image-1172\" srcset=\"https:\/\/www.kaukinen.net\/wp-content\/uploads\/2020\/04\/reissu06_05.jpg 600w, https:\/\/www.kaukinen.net\/wp-content\/uploads\/2020\/04\/reissu06_05-300x200.jpg 300w\" sizes=\"(max-width: 600px) 85vw, 600px\" \/><figcaption class=\"wp-element-caption\">Koirat j\u00e4iv\u00e4t odottelemaan asuntovaunuun, kun teimme retken Norjan puolelle.\n<\/figcaption><\/figure>\n\n\n\n<figure class=\"wp-block-image size-large\"><img loading=\"lazy\" decoding=\"async\" width=\"600\" height=\"400\" src=\"https:\/\/www.kaukinen.net\/wp-content\/uploads\/2020\/04\/reissu06_06.jpg\" alt=\"\" class=\"wp-image-1171\" srcset=\"https:\/\/www.kaukinen.net\/wp-content\/uploads\/2020\/04\/reissu06_06.jpg 600w, https:\/\/www.kaukinen.net\/wp-content\/uploads\/2020\/04\/reissu06_06-300x200.jpg 300w\" sizes=\"(max-width: 600px) 85vw, 600px\" \/><figcaption class=\"wp-element-caption\">Altassa pys\u00e4hdyimme kahvilla ja ihailemassa maisemia.\n<\/figcaption><\/figure>\n\n\n\n<figure class=\"wp-block-image size-large\"><img loading=\"lazy\" decoding=\"async\" width=\"600\" height=\"400\" src=\"https:\/\/www.kaukinen.net\/wp-content\/uploads\/2020\/04\/reissu06_07.jpg\" alt=\"\" class=\"wp-image-1170\" srcset=\"https:\/\/www.kaukinen.net\/wp-content\/uploads\/2020\/04\/reissu06_07.jpg 600w, https:\/\/www.kaukinen.net\/wp-content\/uploads\/2020\/04\/reissu06_07-300x200.jpg 300w\" sizes=\"(max-width: 600px) 85vw, 600px\" \/><\/figure>\n\n\n\n<figure class=\"wp-block-image size-large\"><img loading=\"lazy\" decoding=\"async\" width=\"600\" height=\"400\" src=\"https:\/\/www.kaukinen.net\/wp-content\/uploads\/2020\/04\/reissu06_08.jpg\" alt=\"\" class=\"wp-image-1169\" srcset=\"https:\/\/www.kaukinen.net\/wp-content\/uploads\/2020\/04\/reissu06_08.jpg 600w, https:\/\/www.kaukinen.net\/wp-content\/uploads\/2020\/04\/reissu06_08-300x200.jpg 300w\" sizes=\"(max-width: 600px) 85vw, 600px\" \/><figcaption class=\"wp-element-caption\">Norjan upeita maisemia.\n<\/figcaption><\/figure>\n\n\n\n<figure class=\"wp-block-image size-large\"><img loading=\"lazy\" decoding=\"async\" width=\"600\" height=\"400\" src=\"https:\/\/www.kaukinen.net\/wp-content\/uploads\/2020\/04\/reissu06_09.jpg\" alt=\"\" class=\"wp-image-1168\" srcset=\"https:\/\/www.kaukinen.net\/wp-content\/uploads\/2020\/04\/reissu06_09.jpg 600w, https:\/\/www.kaukinen.net\/wp-content\/uploads\/2020\/04\/reissu06_09-300x200.jpg 300w\" sizes=\"(max-width: 600px) 85vw, 600px\" \/><figcaption class=\"wp-element-caption\">Kilpisj\u00e4rvell\u00e4 l\u00e4hdettiin koirien kanssa luontopolulle.\n<\/figcaption><\/figure>\n\n\n\n<figure class=\"wp-block-image size-large\"><img loading=\"lazy\" decoding=\"async\" width=\"600\" height=\"400\" src=\"https:\/\/www.kaukinen.net\/wp-content\/uploads\/2020\/04\/reissu06_10.jpg\" alt=\"\" class=\"wp-image-1167\" srcset=\"https:\/\/www.kaukinen.net\/wp-content\/uploads\/2020\/04\/reissu06_10.jpg 600w, https:\/\/www.kaukinen.net\/wp-content\/uploads\/2020\/04\/reissu06_10-300x200.jpg 300w\" sizes=\"(max-width: 600px) 85vw, 600px\" \/><figcaption class=\"wp-element-caption\">Ensin tarkoituksena oli tosin kiipe\u00e4minen Saanan huipulle, mutta ajatus loputtomista portaista ei sittenk\u00e4\u00e4n tuntunut hyv\u00e4lt\u00e4.\n<\/figcaption><\/figure>\n\n\n\n<figure class=\"wp-block-image size-large\"><img loading=\"lazy\" decoding=\"async\" width=\"600\" height=\"400\" src=\"https:\/\/www.kaukinen.net\/wp-content\/uploads\/2020\/04\/reissu06_11.jpg\" alt=\"\" class=\"wp-image-1166\" srcset=\"https:\/\/www.kaukinen.net\/wp-content\/uploads\/2020\/04\/reissu06_11.jpg 600w, https:\/\/www.kaukinen.net\/wp-content\/uploads\/2020\/04\/reissu06_11-300x200.jpg 300w\" sizes=\"(max-width: 600px) 85vw, 600px\" \/><\/figure>\n\n\n\n<figure class=\"wp-block-image size-large\"><img loading=\"lazy\" decoding=\"async\" width=\"600\" height=\"400\" src=\"https:\/\/www.kaukinen.net\/wp-content\/uploads\/2020\/04\/reissu06_12.jpg\" alt=\"\" class=\"wp-image-1165\" srcset=\"https:\/\/www.kaukinen.net\/wp-content\/uploads\/2020\/04\/reissu06_12.jpg 600w, https:\/\/www.kaukinen.net\/wp-content\/uploads\/2020\/04\/reissu06_12-300x200.jpg 300w\" sizes=\"(max-width: 600px) 85vw, 600px\" \/><\/figure>\n\n\n\n<figure class=\"wp-block-image size-large\"><img loading=\"lazy\" decoding=\"async\" width=\"600\" height=\"400\" src=\"https:\/\/www.kaukinen.net\/wp-content\/uploads\/2020\/04\/reissu06_13.jpg\" alt=\"\" class=\"wp-image-1164\" srcset=\"https:\/\/www.kaukinen.net\/wp-content\/uploads\/2020\/04\/reissu06_13.jpg 600w, https:\/\/www.kaukinen.net\/wp-content\/uploads\/2020\/04\/reissu06_13-300x200.jpg 300w\" sizes=\"(max-width: 600px) 85vw, 600px\" \/><\/figure>\n\n\n\n<figure class=\"wp-block-image size-large\"><img loading=\"lazy\" decoding=\"async\" width=\"600\" height=\"400\" src=\"https:\/\/www.kaukinen.net\/wp-content\/uploads\/2020\/04\/reissu06_14.jpg\" alt=\"\" class=\"wp-image-1163\" srcset=\"https:\/\/www.kaukinen.net\/wp-content\/uploads\/2020\/04\/reissu06_14.jpg 600w, https:\/\/www.kaukinen.net\/wp-content\/uploads\/2020\/04\/reissu06_14-300x200.jpg 300w\" sizes=\"(max-width: 600px) 85vw, 600px\" \/><\/figure>\n\n\n\n<figure class=\"wp-block-image size-large\"><img loading=\"lazy\" decoding=\"async\" width=\"600\" height=\"400\" src=\"https:\/\/www.kaukinen.net\/wp-content\/uploads\/2020\/04\/reissu06_15.jpg\" alt=\"\" class=\"wp-image-1162\" srcset=\"https:\/\/www.kaukinen.net\/wp-content\/uploads\/2020\/04\/reissu06_15.jpg 600w, https:\/\/www.kaukinen.net\/wp-content\/uploads\/2020\/04\/reissu06_15-300x200.jpg 300w\" sizes=\"(max-width: 600px) 85vw, 600px\" \/><\/figure>\n\n\n\n<figure class=\"wp-block-image size-large\"><img loading=\"lazy\" decoding=\"async\" width=\"600\" height=\"400\" src=\"https:\/\/www.kaukinen.net\/wp-content\/uploads\/2020\/04\/reissu06_16.jpg\" alt=\"\" class=\"wp-image-1161\" srcset=\"https:\/\/www.kaukinen.net\/wp-content\/uploads\/2020\/04\/reissu06_16.jpg 600w, https:\/\/www.kaukinen.net\/wp-content\/uploads\/2020\/04\/reissu06_16-300x200.jpg 300w\" sizes=\"(max-width: 600px) 85vw, 600px\" \/><\/figure>\n\n\n\n<figure class=\"wp-block-image size-large\"><img loading=\"lazy\" decoding=\"async\" width=\"600\" height=\"400\" src=\"https:\/\/www.kaukinen.net\/wp-content\/uploads\/2020\/04\/reissu06_17.jpg\" alt=\"\" class=\"wp-image-1160\" srcset=\"https:\/\/www.kaukinen.net\/wp-content\/uploads\/2020\/04\/reissu06_17.jpg 600w, https:\/\/www.kaukinen.net\/wp-content\/uploads\/2020\/04\/reissu06_17-300x200.jpg 300w\" sizes=\"(max-width: 600px) 85vw, 600px\" \/><\/figure>\n\n\n\n<figure class=\"wp-block-image size-large\"><img loading=\"lazy\" decoding=\"async\" width=\"600\" height=\"400\" src=\"https:\/\/www.kaukinen.net\/wp-content\/uploads\/2020\/04\/reissu06_18.jpg\" alt=\"\" class=\"wp-image-1159\" srcset=\"https:\/\/www.kaukinen.net\/wp-content\/uploads\/2020\/04\/reissu06_18.jpg 600w, https:\/\/www.kaukinen.net\/wp-content\/uploads\/2020\/04\/reissu06_18-300x200.jpg 300w\" sizes=\"(max-width: 600px) 85vw, 600px\" \/><figcaption class=\"wp-element-caption\">Pallastunturilla oli my\u00f6s mukava kulkea koirien kanssa.\n<\/figcaption><\/figure>\n\n\n\n<figure class=\"wp-block-image size-large\"><img loading=\"lazy\" decoding=\"async\" width=\"600\" height=\"400\" src=\"https:\/\/www.kaukinen.net\/wp-content\/uploads\/2020\/04\/reissu06_19.jpg\" alt=\"\" class=\"wp-image-1158\" srcset=\"https:\/\/www.kaukinen.net\/wp-content\/uploads\/2020\/04\/reissu06_19.jpg 600w, https:\/\/www.kaukinen.net\/wp-content\/uploads\/2020\/04\/reissu06_19-300x200.jpg 300w\" sizes=\"(max-width: 600px) 85vw, 600px\" \/><\/figure>\n\n\n\n<figure class=\"wp-block-image size-large\"><img loading=\"lazy\" decoding=\"async\" width=\"600\" height=\"400\" src=\"https:\/\/www.kaukinen.net\/wp-content\/uploads\/2020\/04\/reissu06_20.jpg\" alt=\"\" class=\"wp-image-1157\" srcset=\"https:\/\/www.kaukinen.net\/wp-content\/uploads\/2020\/04\/reissu06_20.jpg 600w, https:\/\/www.kaukinen.net\/wp-content\/uploads\/2020\/04\/reissu06_20-300x200.jpg 300w\" sizes=\"(max-width: 600px) 85vw, 600px\" \/><\/figure>\n\n\n\n<figure class=\"wp-block-image size-large\"><img loading=\"lazy\" decoding=\"async\" width=\"600\" height=\"400\" src=\"https:\/\/www.kaukinen.net\/wp-content\/uploads\/2020\/04\/reissu06_21.jpg\" alt=\"\" class=\"wp-image-1156\" srcset=\"https:\/\/www.kaukinen.net\/wp-content\/uploads\/2020\/04\/reissu06_21.jpg 600w, https:\/\/www.kaukinen.net\/wp-content\/uploads\/2020\/04\/reissu06_21-300x200.jpg 300w\" sizes=\"(max-width: 600px) 85vw, 600px\" \/><\/figure>\n\n\n\n<figure class=\"wp-block-image size-large\"><img loading=\"lazy\" decoding=\"async\" width=\"600\" height=\"400\" src=\"https:\/\/www.kaukinen.net\/wp-content\/uploads\/2020\/04\/reissu06_22.jpg\" alt=\"\" class=\"wp-image-1155\" srcset=\"https:\/\/www.kaukinen.net\/wp-content\/uploads\/2020\/04\/reissu06_22.jpg 600w, https:\/\/www.kaukinen.net\/wp-content\/uploads\/2020\/04\/reissu06_22-300x200.jpg 300w\" sizes=\"(max-width: 600px) 85vw, 600px\" \/><\/figure>\n\n\n\n<figure class=\"wp-block-image size-large\"><img loading=\"lazy\" decoding=\"async\" width=\"600\" height=\"400\" src=\"https:\/\/www.kaukinen.net\/wp-content\/uploads\/2020\/04\/reissu06_23.jpg\" alt=\"\" class=\"wp-image-1154\" srcset=\"https:\/\/www.kaukinen.net\/wp-content\/uploads\/2020\/04\/reissu06_23.jpg 600w, https:\/\/www.kaukinen.net\/wp-content\/uploads\/2020\/04\/reissu06_23-300x200.jpg 300w\" sizes=\"(max-width: 600px) 85vw, 600px\" \/><\/figure>\n\n\n\n<figure class=\"wp-block-image size-large\"><img loading=\"lazy\" decoding=\"async\" width=\"600\" height=\"400\" src=\"https:\/\/www.kaukinen.net\/wp-content\/uploads\/2020\/04\/reissu06_24.jpg\" alt=\"\" class=\"wp-image-1153\" srcset=\"https:\/\/www.kaukinen.net\/wp-content\/uploads\/2020\/04\/reissu06_24.jpg 600w, https:\/\/www.kaukinen.net\/wp-content\/uploads\/2020\/04\/reissu06_24-300x200.jpg 300w\" sizes=\"(max-width: 600px) 85vw, 600px\" \/><\/figure>\n\n\n\n<figure class=\"wp-block-image size-large\"><img loading=\"lazy\" decoding=\"async\" width=\"600\" height=\"400\" src=\"https:\/\/www.kaukinen.net\/wp-content\/uploads\/2020\/04\/reissu06_25.jpg\" alt=\"\" class=\"wp-image-1152\" srcset=\"https:\/\/www.kaukinen.net\/wp-content\/uploads\/2020\/04\/reissu06_25.jpg 600w, https:\/\/www.kaukinen.net\/wp-content\/uploads\/2020\/04\/reissu06_25-300x200.jpg 300w\" sizes=\"(max-width: 600px) 85vw, 600px\" \/><\/figure>\n\n\n\n<figure class=\"wp-block-image size-large\"><img loading=\"lazy\" decoding=\"async\" width=\"600\" height=\"400\" src=\"https:\/\/www.kaukinen.net\/wp-content\/uploads\/2020\/04\/reissu06_26.jpg\" alt=\"\" class=\"wp-image-1151\" srcset=\"https:\/\/www.kaukinen.net\/wp-content\/uploads\/2020\/04\/reissu06_26.jpg 600w, https:\/\/www.kaukinen.net\/wp-content\/uploads\/2020\/04\/reissu06_26-300x200.jpg 300w\" sizes=\"(max-width: 600px) 85vw, 600px\" \/><figcaption class=\"wp-element-caption\">Porot tulivat yll\u00e4tt\u00e4v\u00e4n l\u00e4helle.<\/figcaption><\/figure>\n\n\n\n<figure class=\"wp-block-image size-large\"><img loading=\"lazy\" decoding=\"async\" width=\"600\" height=\"400\" src=\"https:\/\/www.kaukinen.net\/wp-content\/uploads\/2020\/04\/reissu06_27.jpg\" alt=\"\" class=\"wp-image-1150\" srcset=\"https:\/\/www.kaukinen.net\/wp-content\/uploads\/2020\/04\/reissu06_27.jpg 600w, https:\/\/www.kaukinen.net\/wp-content\/uploads\/2020\/04\/reissu06_27-300x200.jpg 300w\" sizes=\"(max-width: 600px) 85vw, 600px\" \/><\/figure>\n\n\n\n<figure class=\"wp-block-image size-large\"><img loading=\"lazy\" decoding=\"async\" width=\"600\" height=\"400\" src=\"https:\/\/www.kaukinen.net\/wp-content\/uploads\/2020\/04\/reissu06_28.jpg\" alt=\"\" class=\"wp-image-1149\" srcset=\"https:\/\/www.kaukinen.net\/wp-content\/uploads\/2020\/04\/reissu06_28.jpg 600w, https:\/\/www.kaukinen.net\/wp-content\/uploads\/2020\/04\/reissu06_28-300x200.jpg 300w\" sizes=\"(max-width: 600px) 85vw, 600px\" \/><figcaption class=\"wp-element-caption\">Eppu tarkkailupaikallaan. Vaikka muuta vahdittavaa ei ollutkaan, ainakin poroja saattoi menn\u00e4 vaunun ohi.\n<\/figcaption><\/figure>\n\n\n\n<figure class=\"wp-block-image size-large\"><img loading=\"lazy\" decoding=\"async\" width=\"600\" height=\"400\" src=\"https:\/\/www.kaukinen.net\/wp-content\/uploads\/2020\/04\/reissu06_29.jpg\" alt=\"\" class=\"wp-image-1148\" srcset=\"https:\/\/www.kaukinen.net\/wp-content\/uploads\/2020\/04\/reissu06_29.jpg 600w, https:\/\/www.kaukinen.net\/wp-content\/uploads\/2020\/04\/reissu06_29-300x200.jpg 300w\" sizes=\"(max-width: 600px) 85vw, 600px\" \/><figcaption class=\"wp-element-caption\">Ohoh, valpas vahti onkin nukahtunut\u2026\n<\/figcaption><\/figure>\n\n\n\n<figure class=\"wp-block-image size-large\"><img loading=\"lazy\" decoding=\"async\" width=\"600\" height=\"400\" src=\"https:\/\/www.kaukinen.net\/wp-content\/uploads\/2020\/04\/reissu06_30.jpg\" alt=\"\" class=\"wp-image-1147\" srcset=\"https:\/\/www.kaukinen.net\/wp-content\/uploads\/2020\/04\/reissu06_30.jpg 600w, https:\/\/www.kaukinen.net\/wp-content\/uploads\/2020\/04\/reissu06_30-300x200.jpg 300w\" sizes=\"(max-width: 600px) 85vw, 600px\" \/><figcaption class=\"wp-element-caption\">Tunturikyl\u00e4 Muotkan Ruoktu oli vaatimaton, mutta viihtyis\u00e4 pys\u00e4hdyspaikka. Poronk\u00e4ristys oli mainiota.\n<\/figcaption><\/figure>\n\n\n\n<figure class=\"wp-block-image size-large\"><img loading=\"lazy\" decoding=\"async\" width=\"600\" height=\"400\" src=\"https:\/\/www.kaukinen.net\/wp-content\/uploads\/2020\/04\/reissu06_31.jpg\" alt=\"\" class=\"wp-image-1146\" srcset=\"https:\/\/www.kaukinen.net\/wp-content\/uploads\/2020\/04\/reissu06_31.jpg 600w, https:\/\/www.kaukinen.net\/wp-content\/uploads\/2020\/04\/reissu06_31-300x200.jpg 300w\" sizes=\"(max-width: 600px) 85vw, 600px\" \/><figcaption class=\"wp-element-caption\">Taas l\u00f6ytyi mukava luontopolku, nyt ollaan Pyh\u00e4tunturin maisemissa.<\/figcaption><\/figure>\n\n\n\n<figure class=\"wp-block-image size-large\"><img loading=\"lazy\" decoding=\"async\" width=\"600\" height=\"400\" src=\"https:\/\/www.kaukinen.net\/wp-content\/uploads\/2020\/04\/reissu06_32.jpg\" alt=\"\" class=\"wp-image-1145\" srcset=\"https:\/\/www.kaukinen.net\/wp-content\/uploads\/2020\/04\/reissu06_32.jpg 600w, https:\/\/www.kaukinen.net\/wp-content\/uploads\/2020\/04\/reissu06_32-300x200.jpg 300w\" sizes=\"(max-width: 600px) 85vw, 600px\" \/><figcaption class=\"wp-element-caption\">Lepohetki Karhunjuomalammella.<\/figcaption><\/figure>\n\n\n\n<figure class=\"wp-block-image size-large\"><img loading=\"lazy\" decoding=\"async\" width=\"600\" height=\"400\" src=\"https:\/\/www.kaukinen.net\/wp-content\/uploads\/2020\/04\/reissu06_33.jpg\" alt=\"\" class=\"wp-image-1144\" srcset=\"https:\/\/www.kaukinen.net\/wp-content\/uploads\/2020\/04\/reissu06_33.jpg 600w, https:\/\/www.kaukinen.net\/wp-content\/uploads\/2020\/04\/reissu06_33-300x200.jpg 300w\" sizes=\"(max-width: 600px) 85vw, 600px\" \/><figcaption class=\"wp-element-caption\">Isokurun pohjalla. Onneksi corgit j\u00e4tettiin vaunuun viett\u00e4m\u00e4\u00e4n vapaap\u00e4iv\u00e4\u00e4, sill\u00e4 hirmuinen m\u00e4\u00e4r\u00e4 portaita olisi ollut turhan rankkaa niille.<\/figcaption><\/figure>\n\n\n\n<figure class=\"wp-block-image size-large\"><img loading=\"lazy\" decoding=\"async\" width=\"600\" height=\"400\" src=\"https:\/\/www.kaukinen.net\/wp-content\/uploads\/2020\/04\/reissu06_34.jpg\" alt=\"\" class=\"wp-image-1143\" srcset=\"https:\/\/www.kaukinen.net\/wp-content\/uploads\/2020\/04\/reissu06_34.jpg 600w, https:\/\/www.kaukinen.net\/wp-content\/uploads\/2020\/04\/reissu06_34-300x200.jpg 300w\" sizes=\"(max-width: 600px) 85vw, 600px\" \/><\/figure>\n\n\n\n<figure class=\"wp-block-image size-large\"><img loading=\"lazy\" decoding=\"async\" width=\"600\" height=\"400\" src=\"https:\/\/www.kaukinen.net\/wp-content\/uploads\/2020\/04\/reissu06_35.jpg\" alt=\"\" class=\"wp-image-1142\" srcset=\"https:\/\/www.kaukinen.net\/wp-content\/uploads\/2020\/04\/reissu06_35.jpg 600w, https:\/\/www.kaukinen.net\/wp-content\/uploads\/2020\/04\/reissu06_35-300x200.jpg 300w\" sizes=\"(max-width: 600px) 85vw, 600px\" \/><figcaption class=\"wp-element-caption\"> My\u00f6s Pyh\u00e4ll\u00e4 n\u00e4htiin runsaasti poroja &#8211; l\u00e4hinn\u00e4 matkailuvaunualueella ja sen l\u00e4heisyydess\u00e4.<\/figcaption><\/figure>\n\n\n\n<figure class=\"wp-block-image size-large\"><img loading=\"lazy\" decoding=\"async\" width=\"600\" height=\"400\" src=\"https:\/\/www.kaukinen.net\/wp-content\/uploads\/2020\/04\/reissu06_36.jpg\" alt=\"\" class=\"wp-image-1141\" srcset=\"https:\/\/www.kaukinen.net\/wp-content\/uploads\/2020\/04\/reissu06_36.jpg 600w, https:\/\/www.kaukinen.net\/wp-content\/uploads\/2020\/04\/reissu06_36-300x200.jpg 300w\" sizes=\"(max-width: 600px) 85vw, 600px\" \/><figcaption class=\"wp-element-caption\">Vivaro ja Solifer Rukalla. Tilaa oli runsaasti t\u00e4h\u00e4n aikaan.<\/figcaption><\/figure>\n\n\n\n<figure class=\"wp-block-image size-large\"><img loading=\"lazy\" decoding=\"async\" width=\"600\" height=\"400\" src=\"https:\/\/www.kaukinen.net\/wp-content\/uploads\/2020\/04\/reissu06_37.jpg\" alt=\"\" class=\"wp-image-1140\" srcset=\"https:\/\/www.kaukinen.net\/wp-content\/uploads\/2020\/04\/reissu06_37.jpg 600w, https:\/\/www.kaukinen.net\/wp-content\/uploads\/2020\/04\/reissu06_37-300x200.jpg 300w\" sizes=\"(max-width: 600px) 85vw, 600px\" \/><figcaption class=\"wp-element-caption\">Suski on joutunut Lilliputtien maahan! Niin pienelt\u00e4 tuntui bussipys\u00e4kin merkki.<\/figcaption><\/figure>\n\n\n\n<figure class=\"wp-block-image size-large\"><img loading=\"lazy\" decoding=\"async\" width=\"600\" height=\"400\" src=\"https:\/\/www.kaukinen.net\/wp-content\/uploads\/2020\/04\/reissu06_38.jpg\" alt=\"\" class=\"wp-image-1139\" srcset=\"https:\/\/www.kaukinen.net\/wp-content\/uploads\/2020\/04\/reissu06_38.jpg 600w, https:\/\/www.kaukinen.net\/wp-content\/uploads\/2020\/04\/reissu06_38-300x200.jpg 300w\" sizes=\"(max-width: 600px) 85vw, 600px\" \/><figcaption class=\"wp-element-caption\">N\u00e4imme n\u00e4inkin villi\u00e4 el\u00e4m\u00e4\u00e4, laulujoutsen vieraili aivan vaunun l\u00e4hell\u00e4.<\/figcaption><\/figure>\n\n\n\n<figure class=\"wp-block-image size-large\"><img loading=\"lazy\" decoding=\"async\" width=\"600\" height=\"400\" src=\"https:\/\/www.kaukinen.net\/wp-content\/uploads\/2020\/04\/reissu06_39.jpg\" alt=\"\" class=\"wp-image-1138\" srcset=\"https:\/\/www.kaukinen.net\/wp-content\/uploads\/2020\/04\/reissu06_39.jpg 600w, https:\/\/www.kaukinen.net\/wp-content\/uploads\/2020\/04\/reissu06_39-300x200.jpg 300w\" sizes=\"(max-width: 600px) 85vw, 600px\" \/><figcaption class=\"wp-element-caption\">Lopuksi viel\u00e4 muutama kuva Kuusamon suurpetokeskuksesta.<\/figcaption><\/figure>\n\n\n\n<figure class=\"wp-block-image size-large\"><img loading=\"lazy\" decoding=\"async\" width=\"600\" height=\"400\" src=\"https:\/\/www.kaukinen.net\/wp-content\/uploads\/2020\/04\/reissu06_40.jpg\" alt=\"\" class=\"wp-image-1137\" srcset=\"https:\/\/www.kaukinen.net\/wp-content\/uploads\/2020\/04\/reissu06_40.jpg 600w, https:\/\/www.kaukinen.net\/wp-content\/uploads\/2020\/04\/reissu06_40-300x200.jpg 300w\" sizes=\"(max-width: 600px) 85vw, 600px\" \/><\/figure>\n\n\n\n<figure class=\"wp-block-image size-large\"><img loading=\"lazy\" decoding=\"async\" width=\"600\" height=\"400\" src=\"https:\/\/www.kaukinen.net\/wp-content\/uploads\/2020\/04\/reissu06_41.jpg\" alt=\"\" class=\"wp-image-1136\" srcset=\"https:\/\/www.kaukinen.net\/wp-content\/uploads\/2020\/04\/reissu06_41.jpg 600w, https:\/\/www.kaukinen.net\/wp-content\/uploads\/2020\/04\/reissu06_41-300x200.jpg 300w\" sizes=\"(max-width: 600px) 85vw, 600px\" \/><\/figure>\n\n\n\n<figure class=\"wp-block-image size-large\"><img loading=\"lazy\" decoding=\"async\" width=\"600\" height=\"400\" src=\"https:\/\/www.kaukinen.net\/wp-content\/uploads\/2020\/04\/reissu06_42.jpg\" alt=\"\" class=\"wp-image-1135\" srcset=\"https:\/\/www.kaukinen.net\/wp-content\/uploads\/2020\/04\/reissu06_42.jpg 600w, https:\/\/www.kaukinen.net\/wp-content\/uploads\/2020\/04\/reissu06_42-300x200.jpg 300w\" sizes=\"(max-width: 600px) 85vw, 600px\" \/><\/figure>\n","protected":false},"excerpt":{"rendered":"","protected":false},"author":1,"featured_media":0,"parent":319,"menu_order":0,"comment_status":"closed","ping_status":"closed","template":"","meta":{"footnotes":""},"jetpack_sharing_enabled":true,"_links":{"self":[{"href":"https:\/\/www.kaukinen.net\/index.php?rest_route=\/wp\/v2\/pages\/1131"}],"collection":[{"href":"https:\/\/www.kaukinen.net\/index.php?rest_route=\/wp\/v2\/pages"}],"about":[{"href":"https:\/\/www.kaukinen.net\/index.php?rest_route=\/wp\/v2\/types\/page"}],"author":[{"embeddable":true,"href":"https:\/\/www.kaukinen.net\/index.php?rest_route=\/wp\/v2\/users\/1"}],"replies":[{"embeddable":true,"href":"https:\/\/www.kaukinen.net\/index.php?rest_route=%2Fwp%2Fv2%2Fcomments&post=1131"}],"version-history":[{"count":3,"href":"https:\/\/www.kaukinen.net\/index.php?rest_route=\/wp\/v2\/pages\/1131\/revisions"}],"predecessor-version":[{"id":1981,"href":"https:\/\/www.kaukinen.net\/index.php?rest_route=\/wp\/v2\/pages\/1131\/revisions\/1981"}],"up":[{"embeddable":true,"href":"https:\/\/www.kaukinen.net\/index.php?rest_route=\/wp\/v2\/pages\/319"}],"wp:attachment":[{"href":"https:\/\/www.kaukinen.net\/index.php?rest_route=%2Fwp%2Fv2%2Fmedia&parent=1131"}],"curies":[{"name":"wp","href":"https:\/\/api.w.org\/{rel}","templated":true}]}}