{"id":1359,"date":"2020-04-05T14:21:25","date_gmt":"2020-04-05T14:21:25","guid":{"rendered":"https:\/\/www.kaukinen.net\/?page_id=1359"},"modified":"2023-05-22T10:20:21","modified_gmt":"2023-05-22T10:20:21","slug":"saariselka-inari-syksy-2015","status":"publish","type":"page","link":"https:\/\/www.kaukinen.net\/?page_id=1359","title":{"rendered":"Saariselk\u00e4, Inari, syksy 2015"},"content":{"rendered":"\n<p>T\u00e4m\u00e4 ruskaretki tehtiin ilman asuntovaunua 13.-18.9.2015. Asuimme mukavasti hotellissa ja teimme retki\u00e4 sielt\u00e4 k\u00e4sin.<\/p>\n\n\n\n<div class=\"wp-block-jetpack-slideshow aligncenter\" data-effect=\"slide\"><div class=\"wp-block-jetpack-slideshow_container swiper-container\"><ul class=\"wp-block-jetpack-slideshow_swiper-wrapper swiper-wrapper\"><li class=\"wp-block-jetpack-slideshow_slide swiper-slide\"><figure><img loading=\"lazy\" decoding=\"async\" width=\"800\" height=\"533\" alt=\"\" class=\"wp-block-jetpack-slideshow_image wp-image-1358\" data-id=\"1358\" src=\"https:\/\/www.kaukinen.net\/wp-content\/uploads\/2020\/04\/saariselka2015_01.jpg\" srcset=\"https:\/\/www.kaukinen.net\/wp-content\/uploads\/2020\/04\/saariselka2015_01.jpg 800w, https:\/\/www.kaukinen.net\/wp-content\/uploads\/2020\/04\/saariselka2015_01-300x200.jpg 300w, https:\/\/www.kaukinen.net\/wp-content\/uploads\/2020\/04\/saariselka2015_01-768x512.jpg 768w\" sizes=\"(max-width: 800px) 85vw, 800px\" \/><figcaption class=\"wp-block-jetpack-slideshow_caption gallery-caption\">Pontus Iisakkip\u00e4\u00e4ll\u00e4<\/figcaption><\/figure><\/li><li class=\"wp-block-jetpack-slideshow_slide swiper-slide\"><figure><img loading=\"lazy\" decoding=\"async\" width=\"800\" height=\"533\" alt=\"\" class=\"wp-block-jetpack-slideshow_image wp-image-1357\" data-id=\"1357\" src=\"https:\/\/www.kaukinen.net\/wp-content\/uploads\/2020\/04\/saariselka2015_02.jpg\" srcset=\"https:\/\/www.kaukinen.net\/wp-content\/uploads\/2020\/04\/saariselka2015_02.jpg 800w, https:\/\/www.kaukinen.net\/wp-content\/uploads\/2020\/04\/saariselka2015_02-300x200.jpg 300w, https:\/\/www.kaukinen.net\/wp-content\/uploads\/2020\/04\/saariselka2015_02-768x512.jpg 768w\" sizes=\"(max-width: 800px) 85vw, 800px\" \/><\/figure><\/li><li class=\"wp-block-jetpack-slideshow_slide swiper-slide\"><figure><img loading=\"lazy\" decoding=\"async\" width=\"799\" height=\"533\" alt=\"\" class=\"wp-block-jetpack-slideshow_image wp-image-1356\" data-id=\"1356\" src=\"https:\/\/www.kaukinen.net\/wp-content\/uploads\/2020\/04\/saariselka2015_03.jpg\" srcset=\"https:\/\/www.kaukinen.net\/wp-content\/uploads\/2020\/04\/saariselka2015_03.jpg 799w, https:\/\/www.kaukinen.net\/wp-content\/uploads\/2020\/04\/saariselka2015_03-300x200.jpg 300w, https:\/\/www.kaukinen.net\/wp-content\/uploads\/2020\/04\/saariselka2015_03-768x512.jpg 768w\" sizes=\"(max-width: 799px) 85vw, 799px\" \/><figcaption class=\"wp-block-jetpack-slideshow_caption gallery-caption\">Makkaranpaistoa Rumakurulla<\/figcaption><\/figure><\/li><li class=\"wp-block-jetpack-slideshow_slide swiper-slide\"><figure><img loading=\"lazy\" decoding=\"async\" width=\"800\" height=\"533\" alt=\"\" class=\"wp-block-jetpack-slideshow_image wp-image-1355\" data-id=\"1355\" src=\"https:\/\/www.kaukinen.net\/wp-content\/uploads\/2020\/04\/saariselka2015_04.jpg\" srcset=\"https:\/\/www.kaukinen.net\/wp-content\/uploads\/2020\/04\/saariselka2015_04.jpg 800w, https:\/\/www.kaukinen.net\/wp-content\/uploads\/2020\/04\/saariselka2015_04-300x200.jpg 300w, https:\/\/www.kaukinen.net\/wp-content\/uploads\/2020\/04\/saariselka2015_04-768x512.jpg 768w\" sizes=\"(max-width: 800px) 85vw, 800px\" \/><\/figure><\/li><li class=\"wp-block-jetpack-slideshow_slide swiper-slide\"><figure><img loading=\"lazy\" decoding=\"async\" width=\"800\" height=\"533\" alt=\"\" class=\"wp-block-jetpack-slideshow_image wp-image-1354\" data-id=\"1354\" src=\"https:\/\/www.kaukinen.net\/wp-content\/uploads\/2020\/04\/saariselka2015_05.jpg\" srcset=\"https:\/\/www.kaukinen.net\/wp-content\/uploads\/2020\/04\/saariselka2015_05.jpg 800w, https:\/\/www.kaukinen.net\/wp-content\/uploads\/2020\/04\/saariselka2015_05-300x200.jpg 300w, https:\/\/www.kaukinen.net\/wp-content\/uploads\/2020\/04\/saariselka2015_05-768x512.jpg 768w\" sizes=\"(max-width: 800px) 85vw, 800px\" \/><\/figure><\/li><li class=\"wp-block-jetpack-slideshow_slide swiper-slide\"><figure><img loading=\"lazy\" decoding=\"async\" width=\"800\" height=\"533\" alt=\"\" class=\"wp-block-jetpack-slideshow_image wp-image-1353\" data-id=\"1353\" src=\"https:\/\/www.kaukinen.net\/wp-content\/uploads\/2020\/04\/saariselka2015_06.jpg\" srcset=\"https:\/\/www.kaukinen.net\/wp-content\/uploads\/2020\/04\/saariselka2015_06.jpg 800w, https:\/\/www.kaukinen.net\/wp-content\/uploads\/2020\/04\/saariselka2015_06-300x200.jpg 300w, https:\/\/www.kaukinen.net\/wp-content\/uploads\/2020\/04\/saariselka2015_06-768x512.jpg 768w\" sizes=\"(max-width: 800px) 85vw, 800px\" \/><\/figure><\/li><li class=\"wp-block-jetpack-slideshow_slide swiper-slide\"><figure><img loading=\"lazy\" decoding=\"async\" width=\"800\" height=\"533\" alt=\"\" class=\"wp-block-jetpack-slideshow_image wp-image-1352\" data-id=\"1352\" src=\"https:\/\/www.kaukinen.net\/wp-content\/uploads\/2020\/04\/saariselka2015_07.jpg\" srcset=\"https:\/\/www.kaukinen.net\/wp-content\/uploads\/2020\/04\/saariselka2015_07.jpg 800w, https:\/\/www.kaukinen.net\/wp-content\/uploads\/2020\/04\/saariselka2015_07-300x200.jpg 300w, https:\/\/www.kaukinen.net\/wp-content\/uploads\/2020\/04\/saariselka2015_07-768x512.jpg 768w\" sizes=\"(max-width: 800px) 85vw, 800px\" \/><figcaption class=\"wp-block-jetpack-slideshow_caption gallery-caption\">Sovintovaaran n\u00e4k\u00f6alakahvila Ukonj\u00e4rven rannalla.<\/figcaption><\/figure><\/li><li class=\"wp-block-jetpack-slideshow_slide swiper-slide\"><figure><img loading=\"lazy\" decoding=\"async\" width=\"800\" height=\"533\" alt=\"\" class=\"wp-block-jetpack-slideshow_image wp-image-1351\" data-id=\"1351\" src=\"https:\/\/www.kaukinen.net\/wp-content\/uploads\/2020\/04\/saariselka2015_08.jpg\" srcset=\"https:\/\/www.kaukinen.net\/wp-content\/uploads\/2020\/04\/saariselka2015_08.jpg 800w, https:\/\/www.kaukinen.net\/wp-content\/uploads\/2020\/04\/saariselka2015_08-300x200.jpg 300w, https:\/\/www.kaukinen.net\/wp-content\/uploads\/2020\/04\/saariselka2015_08-768x512.jpg 768w\" sizes=\"(max-width: 800px) 85vw, 800px\" \/><figcaption class=\"wp-block-jetpack-slideshow_caption gallery-caption\">Karhunpes\u00e4nkivi on ontto siirtolohkare Inarin My\u00f6ss\u00e4j\u00e4rvell\u00e4.<\/figcaption><\/figure><\/li><li class=\"wp-block-jetpack-slideshow_slide swiper-slide\"><figure><img loading=\"lazy\" decoding=\"async\" width=\"800\" height=\"533\" alt=\"\" class=\"wp-block-jetpack-slideshow_image wp-image-1350\" data-id=\"1350\" src=\"https:\/\/www.kaukinen.net\/wp-content\/uploads\/2020\/04\/saariselka2015_09.jpg\" srcset=\"https:\/\/www.kaukinen.net\/wp-content\/uploads\/2020\/04\/saariselka2015_09.jpg 800w, https:\/\/www.kaukinen.net\/wp-content\/uploads\/2020\/04\/saariselka2015_09-300x200.jpg 300w, https:\/\/www.kaukinen.net\/wp-content\/uploads\/2020\/04\/saariselka2015_09-768x512.jpg 768w\" sizes=\"(max-width: 800px) 85vw, 800px\" \/><figcaption class=\"wp-block-jetpack-slideshow_caption gallery-caption\">Tuosta p\u00e4\u00e4si ry\u00f6mim\u00e4\u00e4n sis\u00e4\u00e4n.<\/figcaption><\/figure><\/li><li class=\"wp-block-jetpack-slideshow_slide swiper-slide\"><figure><img loading=\"lazy\" decoding=\"async\" width=\"799\" height=\"533\" alt=\"\" class=\"wp-block-jetpack-slideshow_image wp-image-1349\" data-id=\"1349\" src=\"https:\/\/www.kaukinen.net\/wp-content\/uploads\/2020\/04\/saariselka2015_10.jpg\" srcset=\"https:\/\/www.kaukinen.net\/wp-content\/uploads\/2020\/04\/saariselka2015_10.jpg 799w, https:\/\/www.kaukinen.net\/wp-content\/uploads\/2020\/04\/saariselka2015_10-300x200.jpg 300w, https:\/\/www.kaukinen.net\/wp-content\/uploads\/2020\/04\/saariselka2015_10-768x512.jpg 768w\" sizes=\"(max-width: 799px) 85vw, 799px\" \/><figcaption class=\"wp-block-jetpack-slideshow_caption gallery-caption\">Lemmenjoella<\/figcaption><\/figure><\/li><li class=\"wp-block-jetpack-slideshow_slide swiper-slide\"><figure><img loading=\"lazy\" decoding=\"async\" width=\"800\" height=\"533\" alt=\"\" class=\"wp-block-jetpack-slideshow_image wp-image-1348\" data-id=\"1348\" src=\"https:\/\/www.kaukinen.net\/wp-content\/uploads\/2020\/04\/saariselka2015_11.jpg\" srcset=\"https:\/\/www.kaukinen.net\/wp-content\/uploads\/2020\/04\/saariselka2015_11.jpg 800w, https:\/\/www.kaukinen.net\/wp-content\/uploads\/2020\/04\/saariselka2015_11-300x200.jpg 300w, https:\/\/www.kaukinen.net\/wp-content\/uploads\/2020\/04\/saariselka2015_11-768x512.jpg 768w\" sizes=\"(max-width: 800px) 85vw, 800px\" \/><\/figure><\/li><li class=\"wp-block-jetpack-slideshow_slide swiper-slide\"><figure><img loading=\"lazy\" decoding=\"async\" width=\"800\" height=\"533\" alt=\"\" class=\"wp-block-jetpack-slideshow_image wp-image-1347\" data-id=\"1347\" src=\"https:\/\/www.kaukinen.net\/wp-content\/uploads\/2020\/04\/saariselka2015_12.jpg\" srcset=\"https:\/\/www.kaukinen.net\/wp-content\/uploads\/2020\/04\/saariselka2015_12.jpg 800w, https:\/\/www.kaukinen.net\/wp-content\/uploads\/2020\/04\/saariselka2015_12-300x200.jpg 300w, https:\/\/www.kaukinen.net\/wp-content\/uploads\/2020\/04\/saariselka2015_12-768x512.jpg 768w\" sizes=\"(max-width: 800px) 85vw, 800px\" \/><\/figure><\/li><li class=\"wp-block-jetpack-slideshow_slide swiper-slide\"><figure><img loading=\"lazy\" decoding=\"async\" width=\"800\" height=\"533\" alt=\"\" class=\"wp-block-jetpack-slideshow_image wp-image-1346\" data-id=\"1346\" src=\"https:\/\/www.kaukinen.net\/wp-content\/uploads\/2020\/04\/saariselka2015_13.jpg\" srcset=\"https:\/\/www.kaukinen.net\/wp-content\/uploads\/2020\/04\/saariselka2015_13.jpg 800w, https:\/\/www.kaukinen.net\/wp-content\/uploads\/2020\/04\/saariselka2015_13-300x200.jpg 300w, https:\/\/www.kaukinen.net\/wp-content\/uploads\/2020\/04\/saariselka2015_13-768x512.jpg 768w\" sizes=\"(max-width: 800px) 85vw, 800px\" \/><figcaption class=\"wp-block-jetpack-slideshow_caption gallery-caption\">Kiirunapolku Kiilop\u00e4\u00e4ll\u00e4<\/figcaption><\/figure><\/li><li class=\"wp-block-jetpack-slideshow_slide swiper-slide\"><figure><img loading=\"lazy\" decoding=\"async\" width=\"800\" height=\"533\" alt=\"\" class=\"wp-block-jetpack-slideshow_image wp-image-1345\" data-id=\"1345\" src=\"https:\/\/www.kaukinen.net\/wp-content\/uploads\/2020\/04\/saariselka2015_14.jpg\" srcset=\"https:\/\/www.kaukinen.net\/wp-content\/uploads\/2020\/04\/saariselka2015_14.jpg 800w, https:\/\/www.kaukinen.net\/wp-content\/uploads\/2020\/04\/saariselka2015_14-300x200.jpg 300w, https:\/\/www.kaukinen.net\/wp-content\/uploads\/2020\/04\/saariselka2015_14-768x512.jpg 768w\" sizes=\"(max-width: 800px) 85vw, 800px\" \/><\/figure><\/li><li class=\"wp-block-jetpack-slideshow_slide swiper-slide\"><figure><img loading=\"lazy\" decoding=\"async\" width=\"800\" height=\"533\" alt=\"\" class=\"wp-block-jetpack-slideshow_image wp-image-1344\" data-id=\"1344\" src=\"https:\/\/www.kaukinen.net\/wp-content\/uploads\/2020\/04\/saariselka2015_15.jpg\" srcset=\"https:\/\/www.kaukinen.net\/wp-content\/uploads\/2020\/04\/saariselka2015_15.jpg 800w, https:\/\/www.kaukinen.net\/wp-content\/uploads\/2020\/04\/saariselka2015_15-300x200.jpg 300w, https:\/\/www.kaukinen.net\/wp-content\/uploads\/2020\/04\/saariselka2015_15-768x512.jpg 768w\" sizes=\"(max-width: 800px) 85vw, 800px\" \/><\/figure><\/li><li class=\"wp-block-jetpack-slideshow_slide swiper-slide\"><figure><img loading=\"lazy\" decoding=\"async\" width=\"800\" height=\"533\" alt=\"\" class=\"wp-block-jetpack-slideshow_image wp-image-1343\" data-id=\"1343\" src=\"https:\/\/www.kaukinen.net\/wp-content\/uploads\/2020\/04\/saariselka2015_16.jpg\" srcset=\"https:\/\/www.kaukinen.net\/wp-content\/uploads\/2020\/04\/saariselka2015_16.jpg 800w, https:\/\/www.kaukinen.net\/wp-content\/uploads\/2020\/04\/saariselka2015_16-300x200.jpg 300w, https:\/\/www.kaukinen.net\/wp-content\/uploads\/2020\/04\/saariselka2015_16-768x512.jpg 768w\" sizes=\"(max-width: 800px) 85vw, 800px\" \/><\/figure><\/li><li class=\"wp-block-jetpack-slideshow_slide swiper-slide\"><figure><img loading=\"lazy\" decoding=\"async\" width=\"800\" height=\"533\" alt=\"\" class=\"wp-block-jetpack-slideshow_image wp-image-1342\" data-id=\"1342\" src=\"https:\/\/www.kaukinen.net\/wp-content\/uploads\/2020\/04\/saariselka2015_17.jpg\" srcset=\"https:\/\/www.kaukinen.net\/wp-content\/uploads\/2020\/04\/saariselka2015_17.jpg 800w, https:\/\/www.kaukinen.net\/wp-content\/uploads\/2020\/04\/saariselka2015_17-300x200.jpg 300w, https:\/\/www.kaukinen.net\/wp-content\/uploads\/2020\/04\/saariselka2015_17-768x512.jpg 768w\" sizes=\"(max-width: 800px) 85vw, 800px\" \/><\/figure><\/li><li class=\"wp-block-jetpack-slideshow_slide swiper-slide\"><figure><img loading=\"lazy\" decoding=\"async\" width=\"799\" height=\"533\" alt=\"\" class=\"wp-block-jetpack-slideshow_image wp-image-1341\" data-id=\"1341\" src=\"https:\/\/www.kaukinen.net\/wp-content\/uploads\/2020\/04\/saariselka2015_18.jpg\" srcset=\"https:\/\/www.kaukinen.net\/wp-content\/uploads\/2020\/04\/saariselka2015_18.jpg 799w, https:\/\/www.kaukinen.net\/wp-content\/uploads\/2020\/04\/saariselka2015_18-300x200.jpg 300w, https:\/\/www.kaukinen.net\/wp-content\/uploads\/2020\/04\/saariselka2015_18-768x512.jpg 768w\" sizes=\"(max-width: 799px) 85vw, 799px\" \/><figcaption class=\"wp-block-jetpack-slideshow_caption gallery-caption\">Saarisel\u00e4n tunturikappeli iltavalaistuksessa.<\/figcaption><\/figure><\/li><li class=\"wp-block-jetpack-slideshow_slide swiper-slide\"><figure><img loading=\"lazy\" decoding=\"async\" width=\"800\" height=\"533\" alt=\"\" class=\"wp-block-jetpack-slideshow_image wp-image-1340\" data-id=\"1340\" src=\"https:\/\/www.kaukinen.net\/wp-content\/uploads\/2020\/04\/saariselka2015_19.jpg\" srcset=\"https:\/\/www.kaukinen.net\/wp-content\/uploads\/2020\/04\/saariselka2015_19.jpg 800w, https:\/\/www.kaukinen.net\/wp-content\/uploads\/2020\/04\/saariselka2015_19-300x200.jpg 300w, https:\/\/www.kaukinen.net\/wp-content\/uploads\/2020\/04\/saariselka2015_19-768x512.jpg 768w\" sizes=\"(max-width: 800px) 85vw, 800px\" \/><figcaption class=\"wp-block-jetpack-slideshow_caption gallery-caption\">Nellimin venesatama. Nellim on er\u00e4maakyl\u00e4 Inarinj\u00e4rven rannalla. Ven\u00e4j\u00e4n rajalle on matkaa 8 km.<\/figcaption><\/figure><\/li><li class=\"wp-block-jetpack-slideshow_slide swiper-slide\"><figure><img loading=\"lazy\" decoding=\"async\" width=\"799\" height=\"533\" alt=\"\" class=\"wp-block-jetpack-slideshow_image wp-image-1339\" data-id=\"1339\" src=\"https:\/\/www.kaukinen.net\/wp-content\/uploads\/2020\/04\/saariselka2015_20.jpg\" srcset=\"https:\/\/www.kaukinen.net\/wp-content\/uploads\/2020\/04\/saariselka2015_20.jpg 799w, https:\/\/www.kaukinen.net\/wp-content\/uploads\/2020\/04\/saariselka2015_20-300x200.jpg 300w, https:\/\/www.kaukinen.net\/wp-content\/uploads\/2020\/04\/saariselka2015_20-768x512.jpg 768w\" sizes=\"(max-width: 799px) 85vw, 799px\" \/><\/figure><\/li><li class=\"wp-block-jetpack-slideshow_slide swiper-slide\"><figure><img loading=\"lazy\" decoding=\"async\" width=\"800\" height=\"533\" alt=\"\" class=\"wp-block-jetpack-slideshow_image wp-image-1338\" data-id=\"1338\" src=\"https:\/\/www.kaukinen.net\/wp-content\/uploads\/2020\/04\/saariselka2015_21.jpg\" srcset=\"https:\/\/www.kaukinen.net\/wp-content\/uploads\/2020\/04\/saariselka2015_21.jpg 800w, https:\/\/www.kaukinen.net\/wp-content\/uploads\/2020\/04\/saariselka2015_21-300x200.jpg 300w, https:\/\/www.kaukinen.net\/wp-content\/uploads\/2020\/04\/saariselka2015_21-768x512.jpg 768w\" sizes=\"(max-width: 800px) 85vw, 800px\" \/><figcaption class=\"wp-block-jetpack-slideshow_caption gallery-caption\">Nellimin uittor\u00e4nni<\/figcaption><\/figure><\/li><li class=\"wp-block-jetpack-slideshow_slide swiper-slide\"><figure><img loading=\"lazy\" decoding=\"async\" width=\"800\" height=\"533\" alt=\"\" class=\"wp-block-jetpack-slideshow_image wp-image-1337\" data-id=\"1337\" src=\"https:\/\/www.kaukinen.net\/wp-content\/uploads\/2020\/04\/saariselka2015_22.jpg\" srcset=\"https:\/\/www.kaukinen.net\/wp-content\/uploads\/2020\/04\/saariselka2015_22.jpg 800w, https:\/\/www.kaukinen.net\/wp-content\/uploads\/2020\/04\/saariselka2015_22-300x200.jpg 300w, https:\/\/www.kaukinen.net\/wp-content\/uploads\/2020\/04\/saariselka2015_22-768x512.jpg 768w\" sizes=\"(max-width: 800px) 85vw, 800px\" \/><figcaption class=\"wp-block-jetpack-slideshow_caption gallery-caption\">Uittor\u00e4nni on muistomerkki 1920- ja 1930-lukujen uittotoiminnasta.<\/figcaption><\/figure><\/li><li class=\"wp-block-jetpack-slideshow_slide swiper-slide\"><figure><img loading=\"lazy\" decoding=\"async\" width=\"800\" height=\"533\" alt=\"\" class=\"wp-block-jetpack-slideshow_image wp-image-1336\" data-id=\"1336\" src=\"https:\/\/www.kaukinen.net\/wp-content\/uploads\/2020\/04\/saariselka2015_23.jpg\" srcset=\"https:\/\/www.kaukinen.net\/wp-content\/uploads\/2020\/04\/saariselka2015_23.jpg 800w, https:\/\/www.kaukinen.net\/wp-content\/uploads\/2020\/04\/saariselka2015_23-300x200.jpg 300w, https:\/\/www.kaukinen.net\/wp-content\/uploads\/2020\/04\/saariselka2015_23-768x512.jpg 768w\" sizes=\"(max-width: 800px) 85vw, 800px\" \/><figcaption class=\"wp-block-jetpack-slideshow_caption gallery-caption\">Paatsjoen sillalta avautuu hieno n\u00e4kym\u00e4 Ven\u00e4j\u00e4lle.<\/figcaption><\/figure><\/li><li class=\"wp-block-jetpack-slideshow_slide swiper-slide\"><figure><img loading=\"lazy\" decoding=\"async\" width=\"799\" height=\"533\" alt=\"\" class=\"wp-block-jetpack-slideshow_image wp-image-1335\" data-id=\"1335\" src=\"https:\/\/www.kaukinen.net\/wp-content\/uploads\/2020\/04\/saariselka2015_24.jpg\" srcset=\"https:\/\/www.kaukinen.net\/wp-content\/uploads\/2020\/04\/saariselka2015_24.jpg 799w, https:\/\/www.kaukinen.net\/wp-content\/uploads\/2020\/04\/saariselka2015_24-300x200.jpg 300w, https:\/\/www.kaukinen.net\/wp-content\/uploads\/2020\/04\/saariselka2015_24-768x512.jpg 768w\" sizes=\"(max-width: 799px) 85vw, 799px\" \/><\/figure><\/li><li class=\"wp-block-jetpack-slideshow_slide swiper-slide\"><figure><img loading=\"lazy\" decoding=\"async\" width=\"800\" height=\"533\" alt=\"\" class=\"wp-block-jetpack-slideshow_image wp-image-1334\" data-id=\"1334\" src=\"https:\/\/www.kaukinen.net\/wp-content\/uploads\/2020\/04\/saariselka2015_25.jpg\" srcset=\"https:\/\/www.kaukinen.net\/wp-content\/uploads\/2020\/04\/saariselka2015_25.jpg 800w, https:\/\/www.kaukinen.net\/wp-content\/uploads\/2020\/04\/saariselka2015_25-300x200.jpg 300w, https:\/\/www.kaukinen.net\/wp-content\/uploads\/2020\/04\/saariselka2015_25-768x512.jpg 768w\" sizes=\"(max-width: 800px) 85vw, 800px\" \/><\/figure><\/li><li class=\"wp-block-jetpack-slideshow_slide swiper-slide\"><figure><img loading=\"lazy\" decoding=\"async\" width=\"800\" height=\"533\" alt=\"\" class=\"wp-block-jetpack-slideshow_image wp-image-1333\" data-id=\"1333\" src=\"https:\/\/www.kaukinen.net\/wp-content\/uploads\/2020\/04\/saariselka2015_26.jpg\" srcset=\"https:\/\/www.kaukinen.net\/wp-content\/uploads\/2020\/04\/saariselka2015_26.jpg 800w, https:\/\/www.kaukinen.net\/wp-content\/uploads\/2020\/04\/saariselka2015_26-300x200.jpg 300w, https:\/\/www.kaukinen.net\/wp-content\/uploads\/2020\/04\/saariselka2015_26-768x512.jpg 768w\" sizes=\"(max-width: 800px) 85vw, 800px\" \/><figcaption class=\"wp-block-jetpack-slideshow_caption gallery-caption\">Kuukkeli Saarisel\u00e4ll\u00e4<\/figcaption><\/figure><\/li><\/ul><a class=\"wp-block-jetpack-slideshow_button-prev swiper-button-prev swiper-button-white\" role=\"button\"><\/a><a class=\"wp-block-jetpack-slideshow_button-next swiper-button-next swiper-button-white\" role=\"button\"><\/a><a aria-label=\"Pause Slideshow\" class=\"wp-block-jetpack-slideshow_button-pause\" role=\"button\"><\/a><div class=\"wp-block-jetpack-slideshow_pagination swiper-pagination swiper-pagination-white\"><\/div><\/div><\/div>\n","protected":false},"excerpt":{"rendered":"<p>T\u00e4m\u00e4 ruskaretki tehtiin ilman asuntovaunua 13.-18.9.2015. Asuimme mukavasti hotellissa ja teimme retki\u00e4 sielt\u00e4 k\u00e4sin.<\/p>\n","protected":false},"author":1,"featured_media":0,"parent":319,"menu_order":0,"comment_status":"closed","ping_status":"closed","template":"","meta":{"footnotes":""},"jetpack_sharing_enabled":true,"_links":{"self":[{"href":"https:\/\/www.kaukinen.net\/index.php?rest_route=\/wp\/v2\/pages\/1359"}],"collection":[{"href":"https:\/\/www.kaukinen.net\/index.php?rest_route=\/wp\/v2\/pages"}],"about":[{"href":"https:\/\/www.kaukinen.net\/index.php?rest_route=\/wp\/v2\/types\/page"}],"author":[{"embeddable":true,"href":"https:\/\/www.kaukinen.net\/index.php?rest_route=\/wp\/v2\/users\/1"}],"replies":[{"embeddable":true,"href":"https:\/\/www.kaukinen.net\/index.php?rest_route=%2Fwp%2Fv2%2Fcomments&post=1359"}],"version-history":[{"count":1,"href":"https:\/\/www.kaukinen.net\/index.php?rest_route=\/wp\/v2\/pages\/1359\/revisions"}],"predecessor-version":[{"id":1360,"href":"https:\/\/www.kaukinen.net\/index.php?rest_route=\/wp\/v2\/pages\/1359\/revisions\/1360"}],"up":[{"embeddable":true,"href":"https:\/\/www.kaukinen.net\/index.php?rest_route=\/wp\/v2\/pages\/319"}],"wp:attachment":[{"href":"https:\/\/www.kaukinen.net\/index.php?rest_route=%2Fwp%2Fv2%2Fmedia&parent=1359"}],"curies":[{"name":"wp","href":"https:\/\/api.w.org\/{rel}","templated":true}]}}