{"id":1723,"date":"2020-10-03T15:53:35","date_gmt":"2020-10-03T15:53:35","guid":{"rendered":"https:\/\/www.kaukinen.net\/?page_id=1723"},"modified":"2023-07-02T10:30:59","modified_gmt":"2023-07-02T10:30:59","slug":"tarupihan-covin-osaava-oskari-osku","status":"publish","type":"page","link":"https:\/\/www.kaukinen.net\/?page_id=1723","title":{"rendered":"Tarupihan Covin Osaava Oskari &#8221;Osku&#8221;"},"content":{"rendered":"\n<p>Osku <a href=\"https:\/\/jalostus.kennelliitto.fi\/frmKoira.aspx?RekNo=FI39095%2F20&amp;R=356\">KoiraNetiss\u00e4<\/a><\/p>\n\n\n\n<h2 class=\"wp-block-heading\">Kasvattajalta saatuja pentukuvia<\/h2>\n\n\n\n<div class=\"wp-block-jetpack-slideshow aligncenter\" data-effect=\"slide\"><div class=\"wp-block-jetpack-slideshow_container swiper-container\"><ul class=\"wp-block-jetpack-slideshow_swiper-wrapper swiper-wrapper\"><li class=\"wp-block-jetpack-slideshow_slide swiper-slide\"><figure><img loading=\"lazy\" decoding=\"async\" width=\"800\" height=\"600\" alt=\"\" class=\"wp-block-jetpack-slideshow_image wp-image-1714\" data-id=\"1714\" src=\"https:\/\/www.kaukinen.net\/wp-content\/uploads\/2020\/10\/osku01.jpg\" srcset=\"https:\/\/www.kaukinen.net\/wp-content\/uploads\/2020\/10\/osku01.jpg 800w, https:\/\/www.kaukinen.net\/wp-content\/uploads\/2020\/10\/osku01-300x225.jpg 300w, https:\/\/www.kaukinen.net\/wp-content\/uploads\/2020\/10\/osku01-768x576.jpg 768w\" sizes=\"(max-width: 800px) 85vw, 800px\" \/><\/figure><\/li><li class=\"wp-block-jetpack-slideshow_slide swiper-slide\"><figure><img loading=\"lazy\" decoding=\"async\" width=\"800\" height=\"600\" alt=\"\" class=\"wp-block-jetpack-slideshow_image wp-image-1715\" data-id=\"1715\" src=\"https:\/\/www.kaukinen.net\/wp-content\/uploads\/2020\/10\/osku02.jpg\" srcset=\"https:\/\/www.kaukinen.net\/wp-content\/uploads\/2020\/10\/osku02.jpg 800w, https:\/\/www.kaukinen.net\/wp-content\/uploads\/2020\/10\/osku02-300x225.jpg 300w, https:\/\/www.kaukinen.net\/wp-content\/uploads\/2020\/10\/osku02-768x576.jpg 768w\" sizes=\"(max-width: 800px) 85vw, 800px\" \/><\/figure><\/li><li class=\"wp-block-jetpack-slideshow_slide swiper-slide\"><figure><img loading=\"lazy\" decoding=\"async\" width=\"800\" height=\"600\" alt=\"\" class=\"wp-block-jetpack-slideshow_image wp-image-1716\" data-id=\"1716\" src=\"https:\/\/www.kaukinen.net\/wp-content\/uploads\/2020\/10\/osku03.jpg\" srcset=\"https:\/\/www.kaukinen.net\/wp-content\/uploads\/2020\/10\/osku03.jpg 800w, https:\/\/www.kaukinen.net\/wp-content\/uploads\/2020\/10\/osku03-300x225.jpg 300w, https:\/\/www.kaukinen.net\/wp-content\/uploads\/2020\/10\/osku03-768x576.jpg 768w\" sizes=\"(max-width: 800px) 85vw, 800px\" \/><\/figure><\/li><li class=\"wp-block-jetpack-slideshow_slide swiper-slide\"><figure><img loading=\"lazy\" decoding=\"async\" width=\"800\" height=\"600\" alt=\"\" class=\"wp-block-jetpack-slideshow_image wp-image-1717\" data-id=\"1717\" src=\"https:\/\/www.kaukinen.net\/wp-content\/uploads\/2020\/10\/osku04.jpg\" srcset=\"https:\/\/www.kaukinen.net\/wp-content\/uploads\/2020\/10\/osku04.jpg 800w, https:\/\/www.kaukinen.net\/wp-content\/uploads\/2020\/10\/osku04-300x225.jpg 300w, https:\/\/www.kaukinen.net\/wp-content\/uploads\/2020\/10\/osku04-768x576.jpg 768w\" sizes=\"(max-width: 800px) 85vw, 800px\" \/><\/figure><\/li><li class=\"wp-block-jetpack-slideshow_slide swiper-slide\"><figure><img loading=\"lazy\" decoding=\"async\" width=\"800\" height=\"600\" alt=\"\" class=\"wp-block-jetpack-slideshow_image wp-image-1718\" data-id=\"1718\" src=\"https:\/\/www.kaukinen.net\/wp-content\/uploads\/2020\/10\/osku05.jpg\" srcset=\"https:\/\/www.kaukinen.net\/wp-content\/uploads\/2020\/10\/osku05.jpg 800w, https:\/\/www.kaukinen.net\/wp-content\/uploads\/2020\/10\/osku05-300x225.jpg 300w, https:\/\/www.kaukinen.net\/wp-content\/uploads\/2020\/10\/osku05-768x576.jpg 768w\" sizes=\"(max-width: 800px) 85vw, 800px\" \/><\/figure><\/li><li class=\"wp-block-jetpack-slideshow_slide swiper-slide\"><figure><img loading=\"lazy\" decoding=\"async\" width=\"800\" height=\"600\" alt=\"\" class=\"wp-block-jetpack-slideshow_image wp-image-1719\" data-id=\"1719\" src=\"https:\/\/www.kaukinen.net\/wp-content\/uploads\/2020\/10\/osku06.jpg\" srcset=\"https:\/\/www.kaukinen.net\/wp-content\/uploads\/2020\/10\/osku06.jpg 800w, https:\/\/www.kaukinen.net\/wp-content\/uploads\/2020\/10\/osku06-300x225.jpg 300w, https:\/\/www.kaukinen.net\/wp-content\/uploads\/2020\/10\/osku06-768x576.jpg 768w\" sizes=\"(max-width: 800px) 85vw, 800px\" \/><\/figure><\/li><li class=\"wp-block-jetpack-slideshow_slide swiper-slide\"><figure><img loading=\"lazy\" decoding=\"async\" width=\"397\" height=\"529\" alt=\"\" class=\"wp-block-jetpack-slideshow_image wp-image-1720\" data-id=\"1720\" src=\"https:\/\/www.kaukinen.net\/wp-content\/uploads\/2020\/10\/osku07.jpg\" srcset=\"https:\/\/www.kaukinen.net\/wp-content\/uploads\/2020\/10\/osku07.jpg 397w, https:\/\/www.kaukinen.net\/wp-content\/uploads\/2020\/10\/osku07-225x300.jpg 225w\" sizes=\"(max-width: 397px) 85vw, 397px\" \/><\/figure><\/li><li class=\"wp-block-jetpack-slideshow_slide swiper-slide\"><figure><img loading=\"lazy\" decoding=\"async\" width=\"800\" height=\"530\" alt=\"\" class=\"wp-block-jetpack-slideshow_image wp-image-1721\" data-id=\"1721\" src=\"https:\/\/www.kaukinen.net\/wp-content\/uploads\/2020\/10\/osku08.jpg\" srcset=\"https:\/\/www.kaukinen.net\/wp-content\/uploads\/2020\/10\/osku08.jpg 800w, https:\/\/www.kaukinen.net\/wp-content\/uploads\/2020\/10\/osku08-300x199.jpg 300w, https:\/\/www.kaukinen.net\/wp-content\/uploads\/2020\/10\/osku08-768x509.jpg 768w\" sizes=\"(max-width: 800px) 85vw, 800px\" \/><\/figure><\/li><li class=\"wp-block-jetpack-slideshow_slide swiper-slide\"><figure><img loading=\"lazy\" decoding=\"async\" width=\"397\" height=\"600\" alt=\"\" class=\"wp-block-jetpack-slideshow_image wp-image-1722\" data-id=\"1722\" src=\"https:\/\/www.kaukinen.net\/wp-content\/uploads\/2020\/10\/osku09.jpg\" srcset=\"https:\/\/www.kaukinen.net\/wp-content\/uploads\/2020\/10\/osku09.jpg 397w, https:\/\/www.kaukinen.net\/wp-content\/uploads\/2020\/10\/osku09-199x300.jpg 199w\" sizes=\"(max-width: 397px) 85vw, 397px\" \/><\/figure><\/li><\/ul><a class=\"wp-block-jetpack-slideshow_button-prev swiper-button-prev swiper-button-white\" role=\"button\"><\/a><a class=\"wp-block-jetpack-slideshow_button-next swiper-button-next swiper-button-white\" role=\"button\"><\/a><a aria-label=\"Pause Slideshow\" class=\"wp-block-jetpack-slideshow_button-pause\" role=\"button\"><\/a><div class=\"wp-block-jetpack-slideshow_pagination swiper-pagination swiper-pagination-white\"><\/div><\/div><\/div>\n\n\n\n<div class=\"wp-block-jetpack-slideshow aligncenter\" data-effect=\"slide\"><div class=\"wp-block-jetpack-slideshow_container swiper-container\"><ul class=\"wp-block-jetpack-slideshow_swiper-wrapper swiper-wrapper\"><li class=\"wp-block-jetpack-slideshow_slide swiper-slide\"><figure><img loading=\"lazy\" decoding=\"async\" width=\"800\" height=\"533\" alt=\"\" class=\"wp-block-jetpack-slideshow_image wp-image-1758\" data-id=\"1758\" src=\"https:\/\/www.kaukinen.net\/wp-content\/uploads\/2021\/03\/osku16.jpg\" srcset=\"https:\/\/www.kaukinen.net\/wp-content\/uploads\/2021\/03\/osku16.jpg 800w, https:\/\/www.kaukinen.net\/wp-content\/uploads\/2021\/03\/osku16-300x200.jpg 300w, https:\/\/www.kaukinen.net\/wp-content\/uploads\/2021\/03\/osku16-768x512.jpg 768w\" sizes=\"(max-width: 800px) 85vw, 800px\" \/><figcaption class=\"wp-block-jetpack-slideshow_caption gallery-caption\">2.2.2021<\/figcaption><\/figure><\/li><li class=\"wp-block-jetpack-slideshow_slide swiper-slide\"><figure><img loading=\"lazy\" decoding=\"async\" width=\"800\" height=\"533\" alt=\"\" class=\"wp-block-jetpack-slideshow_image wp-image-1757\" data-id=\"1757\" src=\"https:\/\/www.kaukinen.net\/wp-content\/uploads\/2021\/03\/osku15.jpg\" srcset=\"https:\/\/www.kaukinen.net\/wp-content\/uploads\/2021\/03\/osku15.jpg 800w, https:\/\/www.kaukinen.net\/wp-content\/uploads\/2021\/03\/osku15-300x200.jpg 300w, https:\/\/www.kaukinen.net\/wp-content\/uploads\/2021\/03\/osku15-768x512.jpg 768w\" sizes=\"(max-width: 800px) 85vw, 800px\" \/><figcaption class=\"wp-block-jetpack-slideshow_caption gallery-caption\">Lokakuussa korvat alkoivat k\u00e4yd\u00e4 levottomiksi.<\/figcaption><\/figure><\/li><li class=\"wp-block-jetpack-slideshow_slide swiper-slide\"><figure><img loading=\"lazy\" decoding=\"async\" width=\"800\" height=\"533\" alt=\"\" class=\"wp-block-jetpack-slideshow_image wp-image-1756\" data-id=\"1756\" src=\"https:\/\/www.kaukinen.net\/wp-content\/uploads\/2021\/03\/osku14.jpg\" srcset=\"https:\/\/www.kaukinen.net\/wp-content\/uploads\/2021\/03\/osku14.jpg 800w, https:\/\/www.kaukinen.net\/wp-content\/uploads\/2021\/03\/osku14-300x200.jpg 300w, https:\/\/www.kaukinen.net\/wp-content\/uploads\/2021\/03\/osku14-768x512.jpg 768w\" sizes=\"(max-width: 800px) 85vw, 800px\" \/><figcaption class=\"wp-block-jetpack-slideshow_caption gallery-caption\">Pienikin pihakoira etsii aurinkoisen paikan!<\/figcaption><\/figure><\/li><li class=\"wp-block-jetpack-slideshow_slide swiper-slide\"><figure><img loading=\"lazy\" decoding=\"async\" width=\"800\" height=\"533\" alt=\"\" class=\"wp-block-jetpack-slideshow_image wp-image-1755\" data-id=\"1755\" src=\"https:\/\/www.kaukinen.net\/wp-content\/uploads\/2021\/03\/osku13.jpg\" srcset=\"https:\/\/www.kaukinen.net\/wp-content\/uploads\/2021\/03\/osku13.jpg 800w, https:\/\/www.kaukinen.net\/wp-content\/uploads\/2021\/03\/osku13-300x200.jpg 300w, https:\/\/www.kaukinen.net\/wp-content\/uploads\/2021\/03\/osku13-768x512.jpg 768w\" sizes=\"(max-width: 800px) 85vw, 800px\" \/><figcaption class=\"wp-block-jetpack-slideshow_caption gallery-caption\">28.8.2020  Ik\u00e4\u00e4 on melkein 11 viikkoa.<\/figcaption><\/figure><\/li><li class=\"wp-block-jetpack-slideshow_slide swiper-slide\"><figure><img loading=\"lazy\" decoding=\"async\" width=\"800\" height=\"533\" alt=\"\" class=\"wp-block-jetpack-slideshow_image wp-image-1754\" data-id=\"1754\" src=\"https:\/\/www.kaukinen.net\/wp-content\/uploads\/2021\/03\/osku12.jpg\" srcset=\"https:\/\/www.kaukinen.net\/wp-content\/uploads\/2021\/03\/osku12.jpg 800w, https:\/\/www.kaukinen.net\/wp-content\/uploads\/2021\/03\/osku12-300x200.jpg 300w, https:\/\/www.kaukinen.net\/wp-content\/uploads\/2021\/03\/osku12-768x512.jpg 768w\" sizes=\"(max-width: 800px) 85vw, 800px\" \/><figcaption class=\"wp-block-jetpack-slideshow_caption gallery-caption\">23.8.2020<\/figcaption><\/figure><\/li><li class=\"wp-block-jetpack-slideshow_slide swiper-slide\"><figure><img loading=\"lazy\" decoding=\"async\" width=\"800\" height=\"533\" alt=\"\" class=\"wp-block-jetpack-slideshow_image wp-image-1753\" data-id=\"1753\" src=\"https:\/\/www.kaukinen.net\/wp-content\/uploads\/2021\/03\/osku11.jpg\" srcset=\"https:\/\/www.kaukinen.net\/wp-content\/uploads\/2021\/03\/osku11.jpg 800w, https:\/\/www.kaukinen.net\/wp-content\/uploads\/2021\/03\/osku11-300x200.jpg 300w, https:\/\/www.kaukinen.net\/wp-content\/uploads\/2021\/03\/osku11-768x512.jpg 768w\" sizes=\"(max-width: 800px) 85vw, 800px\" \/><figcaption class=\"wp-block-jetpack-slideshow_caption gallery-caption\">18.8.2020 Osku on v\u00e4h\u00e4n reilun yhdeks\u00e4n viikon ik\u00e4inen.<\/figcaption><\/figure><\/li><li class=\"wp-block-jetpack-slideshow_slide swiper-slide\"><figure><img loading=\"lazy\" decoding=\"async\" width=\"800\" height=\"533\" alt=\"\" class=\"wp-block-jetpack-slideshow_image wp-image-1752\" data-id=\"1752\" src=\"https:\/\/www.kaukinen.net\/wp-content\/uploads\/2021\/03\/osku10.jpg\" srcset=\"https:\/\/www.kaukinen.net\/wp-content\/uploads\/2021\/03\/osku10.jpg 800w, https:\/\/www.kaukinen.net\/wp-content\/uploads\/2021\/03\/osku10-300x200.jpg 300w, https:\/\/www.kaukinen.net\/wp-content\/uploads\/2021\/03\/osku10-768x512.jpg 768w\" sizes=\"(max-width: 800px) 85vw, 800px\" \/><\/figure><\/li><\/ul><a class=\"wp-block-jetpack-slideshow_button-prev swiper-button-prev swiper-button-white\" role=\"button\"><\/a><a class=\"wp-block-jetpack-slideshow_button-next swiper-button-next swiper-button-white\" role=\"button\"><\/a><a aria-label=\"Pause Slideshow\" class=\"wp-block-jetpack-slideshow_button-pause\" role=\"button\"><\/a><div class=\"wp-block-jetpack-slideshow_pagination swiper-pagination swiper-pagination-white\"><\/div><\/div><\/div>\n\n\n\n<p>Osku on Markun koira. Osku p\u00e4\u00e4tti heti J\u00e4rvenp\u00e4\u00e4h\u00e4n muuttaessaan, ett\u00e4 h\u00e4n on vain Markun koira. Min\u00e4 olin v\u00e4h\u00e4n loukkaantunut, sill\u00e4 Oskun hakumatkalla luovuin mukavasta etupenkist\u00e4 ja istuin pennun seurana takapenkill\u00e4. Ja siit\u00e4 huolimatta tuo pieni kiitt\u00e4m\u00e4t\u00f6n lurjus p\u00e4\u00e4tti olla olematta kaverini. M\u00f6k\u00f6tin aikani. Mutta kyll\u00e4h\u00e4n me sitten pikkuhiljaa aloimme olemaan kavereita. <\/p>\n","protected":false},"excerpt":{"rendered":"<p>Osku KoiraNetiss\u00e4 Kasvattajalta saatuja pentukuvia Osku on Markun koira. Osku p\u00e4\u00e4tti heti J\u00e4rvenp\u00e4\u00e4h\u00e4n muuttaessaan, ett\u00e4 h\u00e4n on vain Markun koira. Min\u00e4 olin v\u00e4h\u00e4n loukkaantunut, sill\u00e4 Oskun hakumatkalla luovuin mukavasta etupenkist\u00e4 ja istuin pennun seurana takapenkill\u00e4. Ja siit\u00e4 huolimatta tuo pieni kiitt\u00e4m\u00e4t\u00f6n lurjus p\u00e4\u00e4tti olla olematta kaverini. M\u00f6k\u00f6tin aikani. Mutta kyll\u00e4h\u00e4n me sitten pikkuhiljaa aloimme olemaan &hellip; <a href=\"https:\/\/www.kaukinen.net\/?page_id=1723\" class=\"more-link\">Jatka lukemista<span class=\"screen-reader-text\"> &#8221;Tarupihan Covin Osaava Oskari &#8221;Osku&#8221;&#8221;<\/span><\/a><\/p>\n","protected":false},"author":1,"featured_media":0,"parent":44,"menu_order":0,"comment_status":"closed","ping_status":"closed","template":"","meta":{"footnotes":""},"jetpack_sharing_enabled":true,"_links":{"self":[{"href":"https:\/\/www.kaukinen.net\/index.php?rest_route=\/wp\/v2\/pages\/1723"}],"collection":[{"href":"https:\/\/www.kaukinen.net\/index.php?rest_route=\/wp\/v2\/pages"}],"about":[{"href":"https:\/\/www.kaukinen.net\/index.php?rest_route=\/wp\/v2\/types\/page"}],"author":[{"embeddable":true,"href":"https:\/\/www.kaukinen.net\/index.php?rest_route=\/wp\/v2\/users\/1"}],"replies":[{"embeddable":true,"href":"https:\/\/www.kaukinen.net\/index.php?rest_route=%2Fwp%2Fv2%2Fcomments&post=1723"}],"version-history":[{"count":5,"href":"https:\/\/www.kaukinen.net\/index.php?rest_route=\/wp\/v2\/pages\/1723\/revisions"}],"predecessor-version":[{"id":2013,"href":"https:\/\/www.kaukinen.net\/index.php?rest_route=\/wp\/v2\/pages\/1723\/revisions\/2013"}],"up":[{"embeddable":true,"href":"https:\/\/www.kaukinen.net\/index.php?rest_route=\/wp\/v2\/pages\/44"}],"wp:attachment":[{"href":"https:\/\/www.kaukinen.net\/index.php?rest_route=%2Fwp%2Fv2%2Fmedia&parent=1723"}],"curies":[{"name":"wp","href":"https:\/\/api.w.org\/{rel}","templated":true}]}}