{"id":1855,"date":"2022-06-04T13:11:15","date_gmt":"2022-06-04T13:11:15","guid":{"rendered":"https:\/\/www.kaukinen.net\/?page_id=1855"},"modified":"2023-05-22T10:25:21","modified_gmt":"2023-05-22T10:25:21","slug":"salla-talvi-2022","status":"publish","type":"page","link":"https:\/\/www.kaukinen.net\/?page_id=1855","title":{"rendered":"Salla, talvi 2022"},"content":{"rendered":"\n<figure class=\"wp-block-image size-large\"><a href=\"https:\/\/www.kaukinen.net\/wp-content\/uploads\/2022\/06\/salla2022_01.jpg\"><img loading=\"lazy\" decoding=\"async\" width=\"1024\" height=\"211\" src=\"https:\/\/www.kaukinen.net\/wp-content\/uploads\/2022\/06\/salla2022_01-1024x211.jpg\" alt=\"\" class=\"wp-image-1854\" srcset=\"https:\/\/www.kaukinen.net\/wp-content\/uploads\/2022\/06\/salla2022_01-1024x211.jpg 1024w, https:\/\/www.kaukinen.net\/wp-content\/uploads\/2022\/06\/salla2022_01-300x62.jpg 300w, https:\/\/www.kaukinen.net\/wp-content\/uploads\/2022\/06\/salla2022_01-768x158.jpg 768w, https:\/\/www.kaukinen.net\/wp-content\/uploads\/2022\/06\/salla2022_01.jpg 1200w\" sizes=\"(max-width: 709px) 85vw, (max-width: 909px) 67vw, (max-width: 1362px) 62vw, 840px\" \/><\/a><\/figure>\n\n\n\n<p><\/p>\n\n\n\n<p>Olemme k\u00e4yneet Sallassa pari kertaa kes\u00e4ll\u00e4, ja nyt vietimme siell\u00e4 viikon talviloman. Itse p\u00e4rj\u00e4simme pakkasessa aivan hyvin, mutta koirille ilma oli turhan kylm\u00e4.<\/p>\n\n\n\n<div class=\"wp-block-jetpack-slideshow aligncenter\" data-effect=\"slide\"><div class=\"wp-block-jetpack-slideshow_container swiper-container\"><ul class=\"wp-block-jetpack-slideshow_swiper-wrapper swiper-wrapper\"><li class=\"wp-block-jetpack-slideshow_slide swiper-slide\"><figure><img loading=\"lazy\" decoding=\"async\" width=\"800\" height=\"533\" alt=\"\" class=\"wp-block-jetpack-slideshow_image wp-image-1857\" data-id=\"1857\" src=\"https:\/\/www.kaukinen.net\/wp-content\/uploads\/2022\/06\/salla2022_02.jpg\" srcset=\"https:\/\/www.kaukinen.net\/wp-content\/uploads\/2022\/06\/salla2022_02.jpg 800w, https:\/\/www.kaukinen.net\/wp-content\/uploads\/2022\/06\/salla2022_02-300x200.jpg 300w, https:\/\/www.kaukinen.net\/wp-content\/uploads\/2022\/06\/salla2022_02-768x512.jpg 768w\" sizes=\"(max-width: 800px) 85vw, 800px\" \/><\/figure><\/li><li class=\"wp-block-jetpack-slideshow_slide swiper-slide\"><figure><img loading=\"lazy\" decoding=\"async\" width=\"800\" height=\"533\" alt=\"\" class=\"wp-block-jetpack-slideshow_image wp-image-1859\" data-id=\"1859\" src=\"https:\/\/www.kaukinen.net\/wp-content\/uploads\/2022\/06\/salla2022_03.jpg\" srcset=\"https:\/\/www.kaukinen.net\/wp-content\/uploads\/2022\/06\/salla2022_03.jpg 800w, https:\/\/www.kaukinen.net\/wp-content\/uploads\/2022\/06\/salla2022_03-300x200.jpg 300w, https:\/\/www.kaukinen.net\/wp-content\/uploads\/2022\/06\/salla2022_03-768x512.jpg 768w\" sizes=\"(max-width: 800px) 85vw, 800px\" \/><\/figure><\/li><\/ul><a class=\"wp-block-jetpack-slideshow_button-prev swiper-button-prev swiper-button-white\" role=\"button\"><\/a><a class=\"wp-block-jetpack-slideshow_button-next swiper-button-next swiper-button-white\" role=\"button\"><\/a><a aria-label=\"Pause Slideshow\" class=\"wp-block-jetpack-slideshow_button-pause\" role=\"button\"><\/a><div class=\"wp-block-jetpack-slideshow_pagination swiper-pagination swiper-pagination-white\"><\/div><\/div><\/div>\n\n\n\n<p>Sopivan hiljaista oli, ei juurikaan vastaantulijoita m\u00f6kin l\u00e4heisyydess\u00e4.<\/p>\n\n\n\n<div class=\"wp-block-jetpack-slideshow aligncenter\" data-effect=\"slide\"><div class=\"wp-block-jetpack-slideshow_container swiper-container\"><ul class=\"wp-block-jetpack-slideshow_swiper-wrapper swiper-wrapper\"><li class=\"wp-block-jetpack-slideshow_slide swiper-slide\"><figure><img loading=\"lazy\" decoding=\"async\" width=\"800\" height=\"533\" alt=\"\" class=\"wp-block-jetpack-slideshow_image wp-image-1860\" data-id=\"1860\" src=\"https:\/\/www.kaukinen.net\/wp-content\/uploads\/2022\/06\/salla2022_04.jpg\" srcset=\"https:\/\/www.kaukinen.net\/wp-content\/uploads\/2022\/06\/salla2022_04.jpg 800w, https:\/\/www.kaukinen.net\/wp-content\/uploads\/2022\/06\/salla2022_04-300x200.jpg 300w, https:\/\/www.kaukinen.net\/wp-content\/uploads\/2022\/06\/salla2022_04-768x512.jpg 768w\" sizes=\"(max-width: 800px) 85vw, 800px\" \/><\/figure><\/li><li class=\"wp-block-jetpack-slideshow_slide swiper-slide\"><figure><img loading=\"lazy\" decoding=\"async\" width=\"800\" height=\"600\" alt=\"\" class=\"wp-block-jetpack-slideshow_image wp-image-1861\" data-id=\"1861\" src=\"https:\/\/www.kaukinen.net\/wp-content\/uploads\/2022\/06\/salla2022_05.jpg\" srcset=\"https:\/\/www.kaukinen.net\/wp-content\/uploads\/2022\/06\/salla2022_05.jpg 800w, https:\/\/www.kaukinen.net\/wp-content\/uploads\/2022\/06\/salla2022_05-300x225.jpg 300w, https:\/\/www.kaukinen.net\/wp-content\/uploads\/2022\/06\/salla2022_05-768x576.jpg 768w\" sizes=\"(max-width: 800px) 85vw, 800px\" \/><\/figure><\/li><li class=\"wp-block-jetpack-slideshow_slide swiper-slide\"><figure><img loading=\"lazy\" decoding=\"async\" width=\"800\" height=\"533\" alt=\"\" class=\"wp-block-jetpack-slideshow_image wp-image-1862\" data-id=\"1862\" src=\"https:\/\/www.kaukinen.net\/wp-content\/uploads\/2022\/06\/salla2022_06.jpg\" srcset=\"https:\/\/www.kaukinen.net\/wp-content\/uploads\/2022\/06\/salla2022_06.jpg 800w, https:\/\/www.kaukinen.net\/wp-content\/uploads\/2022\/06\/salla2022_06-300x200.jpg 300w, https:\/\/www.kaukinen.net\/wp-content\/uploads\/2022\/06\/salla2022_06-768x512.jpg 768w\" sizes=\"(max-width: 800px) 85vw, 800px\" \/><\/figure><\/li><li class=\"wp-block-jetpack-slideshow_slide swiper-slide\"><figure><img loading=\"lazy\" decoding=\"async\" width=\"800\" height=\"533\" alt=\"\" class=\"wp-block-jetpack-slideshow_image wp-image-1863\" data-id=\"1863\" src=\"https:\/\/www.kaukinen.net\/wp-content\/uploads\/2022\/06\/salla2022_07.jpg\" srcset=\"https:\/\/www.kaukinen.net\/wp-content\/uploads\/2022\/06\/salla2022_07.jpg 800w, https:\/\/www.kaukinen.net\/wp-content\/uploads\/2022\/06\/salla2022_07-300x200.jpg 300w, https:\/\/www.kaukinen.net\/wp-content\/uploads\/2022\/06\/salla2022_07-768x512.jpg 768w\" sizes=\"(max-width: 800px) 85vw, 800px\" \/><\/figure><\/li><\/ul><a class=\"wp-block-jetpack-slideshow_button-prev swiper-button-prev swiper-button-white\" role=\"button\"><\/a><a class=\"wp-block-jetpack-slideshow_button-next swiper-button-next swiper-button-white\" role=\"button\"><\/a><a aria-label=\"Pause Slideshow\" class=\"wp-block-jetpack-slideshow_button-pause\" role=\"button\"><\/a><div class=\"wp-block-jetpack-slideshow_pagination swiper-pagination swiper-pagination-white\"><\/div><\/div><\/div>\n\n\n\n<p>Lumikenk\u00e4ilem\u00e4ss\u00e4 Iso Pyh\u00e4tunturin huipulle.<\/p>\n\n\n<div class=\"wp-block-image\">\n<figure class=\"aligncenter size-full\"><a href=\"https:\/\/www.kaukinen.net\/wp-content\/uploads\/2022\/07\/salla2022_09.jpg\"><img loading=\"lazy\" decoding=\"async\" width=\"355\" height=\"533\" src=\"https:\/\/www.kaukinen.net\/wp-content\/uploads\/2022\/07\/salla2022_09.jpg\" alt=\"\" class=\"wp-image-1869\" srcset=\"https:\/\/www.kaukinen.net\/wp-content\/uploads\/2022\/07\/salla2022_09.jpg 355w, https:\/\/www.kaukinen.net\/wp-content\/uploads\/2022\/07\/salla2022_09-200x300.jpg 200w\" sizes=\"(max-width: 355px) 85vw, 355px\" \/><\/a><\/figure><\/div>\n\n\n<figure class=\"wp-block-image size-full\"><a href=\"https:\/\/www.kaukinen.net\/wp-content\/uploads\/2022\/07\/salla2022_08.jpg\"><img loading=\"lazy\" decoding=\"async\" width=\"800\" height=\"533\" src=\"https:\/\/www.kaukinen.net\/wp-content\/uploads\/2022\/07\/salla2022_08.jpg\" alt=\"\" class=\"wp-image-1868\" srcset=\"https:\/\/www.kaukinen.net\/wp-content\/uploads\/2022\/07\/salla2022_08.jpg 800w, https:\/\/www.kaukinen.net\/wp-content\/uploads\/2022\/07\/salla2022_08-300x200.jpg 300w, https:\/\/www.kaukinen.net\/wp-content\/uploads\/2022\/07\/salla2022_08-768x512.jpg 768w\" sizes=\"(max-width: 800px) 85vw, 800px\" \/><\/a><\/figure>\n\n\n\n<p>Lyhyt \u00c4mminpolun reitti pysytteli l\u00e4hinn\u00e4 tasaisella maalla.<\/p>\n\n\n\n<div class=\"wp-block-jetpack-slideshow aligncenter\" data-effect=\"slide\"><div class=\"wp-block-jetpack-slideshow_container swiper-container\"><ul class=\"wp-block-jetpack-slideshow_swiper-wrapper swiper-wrapper\"><li class=\"wp-block-jetpack-slideshow_slide swiper-slide\"><figure><img loading=\"lazy\" decoding=\"async\" width=\"800\" height=\"533\" alt=\"\" class=\"wp-block-jetpack-slideshow_image wp-image-1874\" data-id=\"1874\" src=\"https:\/\/www.kaukinen.net\/wp-content\/uploads\/2022\/07\/salla2022_10.jpg\" srcset=\"https:\/\/www.kaukinen.net\/wp-content\/uploads\/2022\/07\/salla2022_10.jpg 800w, https:\/\/www.kaukinen.net\/wp-content\/uploads\/2022\/07\/salla2022_10-300x200.jpg 300w, https:\/\/www.kaukinen.net\/wp-content\/uploads\/2022\/07\/salla2022_10-768x512.jpg 768w\" sizes=\"(max-width: 800px) 85vw, 800px\" \/><\/figure><\/li><li class=\"wp-block-jetpack-slideshow_slide swiper-slide\"><figure><img loading=\"lazy\" decoding=\"async\" width=\"800\" height=\"533\" alt=\"\" class=\"wp-block-jetpack-slideshow_image wp-image-1875\" data-id=\"1875\" src=\"https:\/\/www.kaukinen.net\/wp-content\/uploads\/2022\/07\/salla2022_11.jpg\" srcset=\"https:\/\/www.kaukinen.net\/wp-content\/uploads\/2022\/07\/salla2022_11.jpg 800w, https:\/\/www.kaukinen.net\/wp-content\/uploads\/2022\/07\/salla2022_11-300x200.jpg 300w, https:\/\/www.kaukinen.net\/wp-content\/uploads\/2022\/07\/salla2022_11-768x512.jpg 768w\" sizes=\"(max-width: 800px) 85vw, 800px\" \/><\/figure><\/li><li class=\"wp-block-jetpack-slideshow_slide swiper-slide\"><figure><img loading=\"lazy\" decoding=\"async\" width=\"800\" height=\"533\" alt=\"\" class=\"wp-block-jetpack-slideshow_image wp-image-1876\" data-id=\"1876\" src=\"https:\/\/www.kaukinen.net\/wp-content\/uploads\/2022\/07\/salla2022_12.jpg\" srcset=\"https:\/\/www.kaukinen.net\/wp-content\/uploads\/2022\/07\/salla2022_12.jpg 800w, https:\/\/www.kaukinen.net\/wp-content\/uploads\/2022\/07\/salla2022_12-300x200.jpg 300w, https:\/\/www.kaukinen.net\/wp-content\/uploads\/2022\/07\/salla2022_12-768x512.jpg 768w\" sizes=\"(max-width: 800px) 85vw, 800px\" \/><\/figure><\/li><\/ul><a class=\"wp-block-jetpack-slideshow_button-prev swiper-button-prev swiper-button-white\" role=\"button\"><\/a><a class=\"wp-block-jetpack-slideshow_button-next swiper-button-next swiper-button-white\" role=\"button\"><\/a><a aria-label=\"Pause Slideshow\" class=\"wp-block-jetpack-slideshow_button-pause\" role=\"button\"><\/a><div class=\"wp-block-jetpack-slideshow_pagination swiper-pagination swiper-pagination-white\"><\/div><\/div><\/div>\n\n\n\n<p>Keselm\u00e4j\u00e4rvi <\/p>\n","protected":false},"excerpt":{"rendered":"<p>Olemme k\u00e4yneet Sallassa pari kertaa kes\u00e4ll\u00e4, ja nyt vietimme siell\u00e4 viikon talviloman. Itse p\u00e4rj\u00e4simme pakkasessa aivan hyvin, mutta koirille ilma oli turhan kylm\u00e4. Sopivan hiljaista oli, ei juurikaan vastaantulijoita m\u00f6kin l\u00e4heisyydess\u00e4. Lumikenk\u00e4ilem\u00e4ss\u00e4 Iso Pyh\u00e4tunturin huipulle. Lyhyt \u00c4mminpolun reitti pysytteli l\u00e4hinn\u00e4 tasaisella maalla. Keselm\u00e4j\u00e4rvi<\/p>\n","protected":false},"author":1,"featured_media":0,"parent":319,"menu_order":0,"comment_status":"closed","ping_status":"closed","template":"","meta":{"footnotes":""},"jetpack_sharing_enabled":true,"_links":{"self":[{"href":"https:\/\/www.kaukinen.net\/index.php?rest_route=\/wp\/v2\/pages\/1855"}],"collection":[{"href":"https:\/\/www.kaukinen.net\/index.php?rest_route=\/wp\/v2\/pages"}],"about":[{"href":"https:\/\/www.kaukinen.net\/index.php?rest_route=\/wp\/v2\/types\/page"}],"author":[{"embeddable":true,"href":"https:\/\/www.kaukinen.net\/index.php?rest_route=\/wp\/v2\/users\/1"}],"replies":[{"embeddable":true,"href":"https:\/\/www.kaukinen.net\/index.php?rest_route=%2Fwp%2Fv2%2Fcomments&post=1855"}],"version-history":[{"count":8,"href":"https:\/\/www.kaukinen.net\/index.php?rest_route=\/wp\/v2\/pages\/1855\/revisions"}],"predecessor-version":[{"id":1986,"href":"https:\/\/www.kaukinen.net\/index.php?rest_route=\/wp\/v2\/pages\/1855\/revisions\/1986"}],"up":[{"embeddable":true,"href":"https:\/\/www.kaukinen.net\/index.php?rest_route=\/wp\/v2\/pages\/319"}],"wp:attachment":[{"href":"https:\/\/www.kaukinen.net\/index.php?rest_route=%2Fwp%2Fv2%2Fmedia&parent=1855"}],"curies":[{"name":"wp","href":"https:\/\/api.w.org\/{rel}","templated":true}]}}