{"id":310,"date":"2020-03-11T12:18:44","date_gmt":"2020-03-11T12:18:44","guid":{"rendered":"http:\/\/31.217.196.220\/~pzgtfdch\/?page_id=310"},"modified":"2023-05-22T10:27:42","modified_gmt":"2023-05-22T10:27:42","slug":"storforsen-senja-tromssa-akaslompolo-kesa-2018","status":"publish","type":"page","link":"https:\/\/www.kaukinen.net\/?page_id=310","title":{"rendered":"Storforsen &#8211; Senja &#8211; Tromssa &#8211; \u00c4k\u00e4slompolo, kes\u00e4 2018"},"content":{"rendered":"\n<figure class=\"wp-block-image\"><img loading=\"lazy\" decoding=\"async\" width=\"799\" height=\"533\" src=\"http:\/\/31.217.196.220\/~pzgtfdch\/wp-content\/uploads\/2020\/03\/kesa2018_01.jpg\" alt=\"\" class=\"wp-image-296\" srcset=\"https:\/\/www.kaukinen.net\/wp-content\/uploads\/2020\/03\/kesa2018_01.jpg 799w, https:\/\/www.kaukinen.net\/wp-content\/uploads\/2020\/03\/kesa2018_01-300x200.jpg 300w, https:\/\/www.kaukinen.net\/wp-content\/uploads\/2020\/03\/kesa2018_01-768x512.jpg 768w\" sizes=\"(max-width: 799px) 85vw, 799px\" \/><figcaption class=\"wp-element-caption\"> Loma aloitettiin Alavudella Koivulehdon caravan -alueella. T\u00e4\u00e4lt\u00e4 matka jatkui Kokkolaan agilitykisoihin.<\/figcaption><\/figure>\n\n\n\n<figure class=\"wp-block-image\"><img loading=\"lazy\" decoding=\"async\" width=\"800\" height=\"533\" src=\"http:\/\/31.217.196.220\/~pzgtfdch\/wp-content\/uploads\/2020\/03\/kesa2018_02.jpg\" alt=\"\" class=\"wp-image-293\" srcset=\"https:\/\/www.kaukinen.net\/wp-content\/uploads\/2020\/03\/kesa2018_02.jpg 800w, https:\/\/www.kaukinen.net\/wp-content\/uploads\/2020\/03\/kesa2018_02-300x200.jpg 300w, https:\/\/www.kaukinen.net\/wp-content\/uploads\/2020\/03\/kesa2018_02-768x512.jpg 768w\" sizes=\"(max-width: 800px) 85vw, 800px\" \/><figcaption class=\"wp-element-caption\">L\u00e4mmint\u00e4 oli Kokkolassakin!<\/figcaption><\/figure>\n\n\n\n<figure class=\"wp-block-image\"><img loading=\"lazy\" decoding=\"async\" width=\"800\" height=\"533\" src=\"http:\/\/31.217.196.220\/~pzgtfdch\/wp-content\/uploads\/2020\/03\/kesa2018_03.jpg\" alt=\"\" class=\"wp-image-294\" srcset=\"https:\/\/www.kaukinen.net\/wp-content\/uploads\/2020\/03\/kesa2018_03.jpg 800w, https:\/\/www.kaukinen.net\/wp-content\/uploads\/2020\/03\/kesa2018_03-300x200.jpg 300w, https:\/\/www.kaukinen.net\/wp-content\/uploads\/2020\/03\/kesa2018_03-768x512.jpg 768w\" sizes=\"(max-width: 800px) 85vw, 800px\" \/><figcaption class=\"wp-element-caption\">Oho, mutta olkoon nyt\u2026 reissussa voi olla v\u00e4h\u00e4n eri s\u00e4\u00e4nn\u00f6t kuin kotona\u2026.<\/figcaption><\/figure>\n\n\n\n<figure class=\"wp-block-image\"><img loading=\"lazy\" decoding=\"async\" width=\"355\" height=\"533\" src=\"http:\/\/31.217.196.220\/~pzgtfdch\/wp-content\/uploads\/2020\/03\/kesa2018_04.jpg\" alt=\"\" class=\"wp-image-302\" srcset=\"https:\/\/www.kaukinen.net\/wp-content\/uploads\/2020\/03\/kesa2018_04.jpg 355w, https:\/\/www.kaukinen.net\/wp-content\/uploads\/2020\/03\/kesa2018_04-200x300.jpg 200w\" sizes=\"(max-width: 355px) 85vw, 355px\" \/><figcaption class=\"wp-element-caption\">Vohvelikahvilaan kannattaa ehdottomasti menn\u00e4 Kokkolassa!<\/figcaption><\/figure>\n\n\n\n<figure class=\"wp-block-image\"><img loading=\"lazy\" decoding=\"async\" width=\"355\" height=\"533\" src=\"http:\/\/31.217.196.220\/~pzgtfdch\/wp-content\/uploads\/2020\/03\/kesa2018_05.jpg\" alt=\"\" class=\"wp-image-305\" srcset=\"https:\/\/www.kaukinen.net\/wp-content\/uploads\/2020\/03\/kesa2018_05.jpg 355w, https:\/\/www.kaukinen.net\/wp-content\/uploads\/2020\/03\/kesa2018_05-200x300.jpg 200w\" sizes=\"(max-width: 355px) 85vw, 355px\" \/><figcaption class=\"wp-element-caption\">Aatu ja Jussi lep\u00e4ilev\u00e4t raskaan kisaviikonlopun j\u00e4lkeen.<\/figcaption><\/figure>\n\n\n\n<figure class=\"wp-block-image\"><img loading=\"lazy\" decoding=\"async\" width=\"800\" height=\"533\" src=\"http:\/\/31.217.196.220\/~pzgtfdch\/wp-content\/uploads\/2020\/03\/kesa2018_06.jpg\" alt=\"\" class=\"wp-image-308\" srcset=\"https:\/\/www.kaukinen.net\/wp-content\/uploads\/2020\/03\/kesa2018_06.jpg 800w, https:\/\/www.kaukinen.net\/wp-content\/uploads\/2020\/03\/kesa2018_06-300x200.jpg 300w, https:\/\/www.kaukinen.net\/wp-content\/uploads\/2020\/03\/kesa2018_06-768x512.jpg 768w\" sizes=\"(max-width: 800px) 85vw, 800px\" \/><figcaption class=\"wp-element-caption\">Kokkolan j\u00e4lkeen siirryttiin Ruotsin puolelle. L\u00e4mmint\u00e4 oli siell\u00e4kin. Paikka on Kalix Camping, joka oli iso mutta rauhallinen alue.<\/figcaption><\/figure>\n\n\n\n<figure class=\"wp-block-image\"><img loading=\"lazy\" decoding=\"async\" width=\"800\" height=\"533\" src=\"http:\/\/31.217.196.220\/~pzgtfdch\/wp-content\/uploads\/2020\/03\/kesa2018_07.jpg\" alt=\"\" class=\"wp-image-307\" srcset=\"https:\/\/www.kaukinen.net\/wp-content\/uploads\/2020\/03\/kesa2018_07.jpg 800w, https:\/\/www.kaukinen.net\/wp-content\/uploads\/2020\/03\/kesa2018_07-300x200.jpg 300w, https:\/\/www.kaukinen.net\/wp-content\/uploads\/2020\/03\/kesa2018_07-768x512.jpg 768w\" sizes=\"(max-width: 800px) 85vw, 800px\" \/><figcaption class=\"wp-element-caption\">Ja viel\u00e4 syvemm\u00e4lle Ruotsiin. Storforsen on komea valjastamaton koski.<\/figcaption><\/figure>\n\n\n\n<figure class=\"wp-block-image\"><img loading=\"lazy\" decoding=\"async\" width=\"800\" height=\"533\" src=\"http:\/\/31.217.196.220\/~pzgtfdch\/wp-content\/uploads\/2020\/03\/kesa2018_08.jpg\" alt=\"\" class=\"wp-image-278\" srcset=\"https:\/\/www.kaukinen.net\/wp-content\/uploads\/2020\/03\/kesa2018_08.jpg 800w, https:\/\/www.kaukinen.net\/wp-content\/uploads\/2020\/03\/kesa2018_08-300x200.jpg 300w, https:\/\/www.kaukinen.net\/wp-content\/uploads\/2020\/03\/kesa2018_08-768x512.jpg 768w\" sizes=\"(max-width: 800px) 85vw, 800px\" \/><\/figure>\n\n\n\n<figure class=\"wp-block-image\"><img loading=\"lazy\" decoding=\"async\" width=\"800\" height=\"533\" src=\"http:\/\/31.217.196.220\/~pzgtfdch\/wp-content\/uploads\/2020\/03\/kesa2018_09.jpg\" alt=\"\" class=\"wp-image-279\" srcset=\"https:\/\/www.kaukinen.net\/wp-content\/uploads\/2020\/03\/kesa2018_09.jpg 800w, https:\/\/www.kaukinen.net\/wp-content\/uploads\/2020\/03\/kesa2018_09-300x200.jpg 300w, https:\/\/www.kaukinen.net\/wp-content\/uploads\/2020\/03\/kesa2018_09-768x512.jpg 768w\" sizes=\"(max-width: 800px) 85vw, 800px\" \/><\/figure>\n\n\n\n<figure class=\"wp-block-image\"><img loading=\"lazy\" decoding=\"async\" width=\"355\" height=\"533\" src=\"http:\/\/31.217.196.220\/~pzgtfdch\/wp-content\/uploads\/2020\/03\/kesa2018_10.jpg\" alt=\"\" class=\"wp-image-303\" srcset=\"https:\/\/www.kaukinen.net\/wp-content\/uploads\/2020\/03\/kesa2018_10.jpg 355w, https:\/\/www.kaukinen.net\/wp-content\/uploads\/2020\/03\/kesa2018_10-200x300.jpg 200w\" sizes=\"(max-width: 355px) 85vw, 355px\" \/><figcaption class=\"wp-element-caption\">Bj\u00f6rkliden ja v\u00e4h\u00e4n \u00e4skeist\u00e4 pienempi koski, Silverfallet.<\/figcaption><\/figure>\n\n\n\n<figure class=\"wp-block-image\"><img loading=\"lazy\" decoding=\"async\" width=\"800\" height=\"533\" src=\"http:\/\/31.217.196.220\/~pzgtfdch\/wp-content\/uploads\/2020\/03\/kesa2018_11.jpg\" alt=\"\" class=\"wp-image-304\" srcset=\"https:\/\/www.kaukinen.net\/wp-content\/uploads\/2020\/03\/kesa2018_11.jpg 800w, https:\/\/www.kaukinen.net\/wp-content\/uploads\/2020\/03\/kesa2018_11-300x200.jpg 300w, https:\/\/www.kaukinen.net\/wp-content\/uploads\/2020\/03\/kesa2018_11-768x512.jpg 768w\" sizes=\"(max-width: 800px) 85vw, 800px\" \/><\/figure>\n\n\n\n<figure class=\"wp-block-image\"><img loading=\"lazy\" decoding=\"async\" width=\"800\" height=\"533\" src=\"http:\/\/31.217.196.220\/~pzgtfdch\/wp-content\/uploads\/2020\/03\/kesa2018_12.jpg\" alt=\"\" class=\"wp-image-309\" srcset=\"https:\/\/www.kaukinen.net\/wp-content\/uploads\/2020\/03\/kesa2018_12.jpg 800w, https:\/\/www.kaukinen.net\/wp-content\/uploads\/2020\/03\/kesa2018_12-300x200.jpg 300w, https:\/\/www.kaukinen.net\/wp-content\/uploads\/2020\/03\/kesa2018_12-768x512.jpg 768w\" sizes=\"(max-width: 800px) 85vw, 800px\" \/><figcaption class=\"wp-element-caption\">J\u00e4timme Ruotsin ja Suomen helteet ja ajoimme Norjaan Senjan saarelle.<\/figcaption><\/figure>\n\n\n\n<figure class=\"wp-block-image\"><img loading=\"lazy\" decoding=\"async\" width=\"800\" height=\"533\" src=\"http:\/\/31.217.196.220\/~pzgtfdch\/wp-content\/uploads\/2020\/03\/kesa2018_13.jpg\" alt=\"\" class=\"wp-image-306\" srcset=\"https:\/\/www.kaukinen.net\/wp-content\/uploads\/2020\/03\/kesa2018_13.jpg 800w, https:\/\/www.kaukinen.net\/wp-content\/uploads\/2020\/03\/kesa2018_13-300x200.jpg 300w, https:\/\/www.kaukinen.net\/wp-content\/uploads\/2020\/03\/kesa2018_13-768x512.jpg 768w\" sizes=\"(max-width: 800px) 85vw, 800px\" \/><figcaption class=\"wp-element-caption\">Yl\u00e4nurkassa n\u00e4kyy Norjan kausipaikoilla tyypillisi\u00e4 m\u00f6kkim\u00e4isi\u00e4 \u201cetutelttoja\u201d.<\/figcaption><\/figure>\n\n\n\n<figure class=\"wp-block-image\"><img loading=\"lazy\" decoding=\"async\" width=\"800\" height=\"533\" src=\"http:\/\/31.217.196.220\/~pzgtfdch\/wp-content\/uploads\/2020\/03\/kesa2018_14.jpg\" alt=\"\" class=\"wp-image-300\" srcset=\"https:\/\/www.kaukinen.net\/wp-content\/uploads\/2020\/03\/kesa2018_14.jpg 800w, https:\/\/www.kaukinen.net\/wp-content\/uploads\/2020\/03\/kesa2018_14-300x200.jpg 300w, https:\/\/www.kaukinen.net\/wp-content\/uploads\/2020\/03\/kesa2018_14-768x512.jpg 768w\" sizes=\"(max-width: 800px) 85vw, 800px\" \/><\/figure>\n\n\n\n<figure class=\"wp-block-image\"><img loading=\"lazy\" decoding=\"async\" width=\"800\" height=\"533\" src=\"http:\/\/31.217.196.220\/~pzgtfdch\/wp-content\/uploads\/2020\/03\/kesa2018_15.jpg\" alt=\"\" class=\"wp-image-297\" srcset=\"https:\/\/www.kaukinen.net\/wp-content\/uploads\/2020\/03\/kesa2018_15.jpg 800w, https:\/\/www.kaukinen.net\/wp-content\/uploads\/2020\/03\/kesa2018_15-300x200.jpg 300w, https:\/\/www.kaukinen.net\/wp-content\/uploads\/2020\/03\/kesa2018_15-768x512.jpg 768w\" sizes=\"(max-width: 800px) 85vw, 800px\" \/><figcaption class=\"wp-element-caption\">Oli alueella toki muitakin, mutta tilaa oli vaunun ymp\u00e4rill\u00e4 aivan riitt\u00e4v\u00e4sti.<\/figcaption><\/figure>\n\n\n\n<figure class=\"wp-block-image\"><img loading=\"lazy\" decoding=\"async\" width=\"355\" height=\"471\" src=\"http:\/\/31.217.196.220\/~pzgtfdch\/wp-content\/uploads\/2020\/03\/kesa2018_16.jpg\" alt=\"\" class=\"wp-image-292\" srcset=\"https:\/\/www.kaukinen.net\/wp-content\/uploads\/2020\/03\/kesa2018_16.jpg 355w, https:\/\/www.kaukinen.net\/wp-content\/uploads\/2020\/03\/kesa2018_16-226x300.jpg 226w\" sizes=\"(max-width: 355px) 85vw, 355px\" \/><\/figure>\n\n\n\n<figure class=\"wp-block-image\"><img loading=\"lazy\" decoding=\"async\" width=\"800\" height=\"533\" src=\"http:\/\/31.217.196.220\/~pzgtfdch\/wp-content\/uploads\/2020\/03\/kesa2018_17.jpg\" alt=\"\" class=\"wp-image-295\" srcset=\"https:\/\/www.kaukinen.net\/wp-content\/uploads\/2020\/03\/kesa2018_17.jpg 800w, https:\/\/www.kaukinen.net\/wp-content\/uploads\/2020\/03\/kesa2018_17-300x200.jpg 300w, https:\/\/www.kaukinen.net\/wp-content\/uploads\/2020\/03\/kesa2018_17-768x512.jpg 768w\" sizes=\"(max-width: 800px) 85vw, 800px\" \/><figcaption class=\"wp-element-caption\">Bergsbotn, yksi Senjan turistireitin n\u00e4k\u00f6alapaikoista.<\/figcaption><\/figure>\n\n\n\n<figure class=\"wp-block-image\"><img loading=\"lazy\" decoding=\"async\" width=\"800\" height=\"533\" src=\"http:\/\/31.217.196.220\/~pzgtfdch\/wp-content\/uploads\/2020\/03\/kesa2018_18.jpg\" alt=\"\" class=\"wp-image-287\" srcset=\"https:\/\/www.kaukinen.net\/wp-content\/uploads\/2020\/03\/kesa2018_18.jpg 800w, https:\/\/www.kaukinen.net\/wp-content\/uploads\/2020\/03\/kesa2018_18-300x200.jpg 300w, https:\/\/www.kaukinen.net\/wp-content\/uploads\/2020\/03\/kesa2018_18-768x512.jpg 768w\" sizes=\"(max-width: 800px) 85vw, 800px\" \/><figcaption class=\"wp-element-caption\">Tungeneset<\/figcaption><\/figure>\n\n\n\n<figure class=\"wp-block-image\"><img loading=\"lazy\" decoding=\"async\" width=\"800\" height=\"533\" src=\"http:\/\/31.217.196.220\/~pzgtfdch\/wp-content\/uploads\/2020\/03\/kesa2018_19.jpg\" alt=\"\" class=\"wp-image-282\" srcset=\"https:\/\/www.kaukinen.net\/wp-content\/uploads\/2020\/03\/kesa2018_19.jpg 800w, https:\/\/www.kaukinen.net\/wp-content\/uploads\/2020\/03\/kesa2018_19-300x200.jpg 300w, https:\/\/www.kaukinen.net\/wp-content\/uploads\/2020\/03\/kesa2018_19-768x512.jpg 768w\" sizes=\"(max-width: 800px) 85vw, 800px\" \/><\/figure>\n\n\n\n<figure class=\"wp-block-image\"><img loading=\"lazy\" decoding=\"async\" width=\"355\" height=\"533\" src=\"http:\/\/31.217.196.220\/~pzgtfdch\/wp-content\/uploads\/2020\/03\/kesa2018_20.jpg\" alt=\"\" class=\"wp-image-276\" srcset=\"https:\/\/www.kaukinen.net\/wp-content\/uploads\/2020\/03\/kesa2018_20.jpg 355w, https:\/\/www.kaukinen.net\/wp-content\/uploads\/2020\/03\/kesa2018_20-200x300.jpg 200w\" sizes=\"(max-width: 355px) 85vw, 355px\" \/><figcaption class=\"wp-element-caption\">Ersfjordstranda<\/figcaption><\/figure>\n\n\n\n<figure class=\"wp-block-image\"><img loading=\"lazy\" decoding=\"async\" width=\"800\" height=\"533\" src=\"http:\/\/31.217.196.220\/~pzgtfdch\/wp-content\/uploads\/2020\/03\/kesa2018_21.jpg\" alt=\"\" class=\"wp-image-281\" srcset=\"https:\/\/www.kaukinen.net\/wp-content\/uploads\/2020\/03\/kesa2018_21.jpg 800w, https:\/\/www.kaukinen.net\/wp-content\/uploads\/2020\/03\/kesa2018_21-300x200.jpg 300w, https:\/\/www.kaukinen.net\/wp-content\/uploads\/2020\/03\/kesa2018_21-768x512.jpg 768w\" sizes=\"(max-width: 800px) 85vw, 800px\" \/><figcaption class=\"wp-element-caption\">Senjalla oli koko ajan melko pilvist\u00e4, mutta vett\u00e4 ei juurikaan satanut. Ehk\u00e4 jotain menetettiin pilvisyyden takia maisemissa, mutta koirien kanssa oli aika helpottavaa olla helteiden j\u00e4lkeen v\u00e4h\u00e4n viile\u00e4mm\u00e4ss\u00e4 s\u00e4\u00e4ss\u00e4.&nbsp;<\/figcaption><\/figure>\n\n\n\n<figure class=\"wp-block-image\"><img loading=\"lazy\" decoding=\"async\" width=\"800\" height=\"533\" src=\"http:\/\/31.217.196.220\/~pzgtfdch\/wp-content\/uploads\/2020\/03\/kesa2018_22.jpg\" alt=\"\" class=\"wp-image-274\" srcset=\"https:\/\/www.kaukinen.net\/wp-content\/uploads\/2020\/03\/kesa2018_22.jpg 800w, https:\/\/www.kaukinen.net\/wp-content\/uploads\/2020\/03\/kesa2018_22-300x200.jpg 300w, https:\/\/www.kaukinen.net\/wp-content\/uploads\/2020\/03\/kesa2018_22-768x512.jpg 768w\" sizes=\"(max-width: 800px) 85vw, 800px\" \/><figcaption class=\"wp-element-caption\">Finnsnes on pieni kaupunki, josta l\u00f6ytyi tarvittavat kaupat ja hyvi\u00e4 ruokapaikkoja. Byens Bistro j\u00e4i erityisesti mieleen. Finnsnes sijaitsee mantereen puolelle, ja Senjan saarelle kuljetaan sen kautta kuvassa n\u00e4kyv\u00e4\u00e4 siltaa pitkin.<\/figcaption><\/figure>\n\n\n\n<figure class=\"wp-block-image\"><img loading=\"lazy\" decoding=\"async\" width=\"800\" height=\"533\" src=\"http:\/\/31.217.196.220\/~pzgtfdch\/wp-content\/uploads\/2020\/03\/kesa2018_23.jpg\" alt=\"\" class=\"wp-image-272\" srcset=\"https:\/\/www.kaukinen.net\/wp-content\/uploads\/2020\/03\/kesa2018_23.jpg 800w, https:\/\/www.kaukinen.net\/wp-content\/uploads\/2020\/03\/kesa2018_23-300x200.jpg 300w, https:\/\/www.kaukinen.net\/wp-content\/uploads\/2020\/03\/kesa2018_23-768x512.jpg 768w\" sizes=\"(max-width: 800px) 85vw, 800px\" \/><figcaption class=\"wp-element-caption\">Seuraavaksi matkasimme Tromssaan. Keskell\u00e4 kaupunkia sijaitsee j\u00e4rvi, Prestvannet, jonka ymp\u00e4ri kiert\u00e4\u00e4 k\u00e4velyreitti.<\/figcaption><\/figure>\n\n\n\n<figure class=\"wp-block-image\"><img loading=\"lazy\" decoding=\"async\" width=\"800\" height=\"533\" src=\"http:\/\/31.217.196.220\/~pzgtfdch\/wp-content\/uploads\/2020\/03\/kesa2018_24.jpg\" alt=\"\" class=\"wp-image-286\" srcset=\"https:\/\/www.kaukinen.net\/wp-content\/uploads\/2020\/03\/kesa2018_24.jpg 800w, https:\/\/www.kaukinen.net\/wp-content\/uploads\/2020\/03\/kesa2018_24-300x200.jpg 300w, https:\/\/www.kaukinen.net\/wp-content\/uploads\/2020\/03\/kesa2018_24-768x512.jpg 768w\" sizes=\"(max-width: 800px) 85vw, 800px\" \/><\/figure>\n\n\n\n<figure class=\"wp-block-image\"><img loading=\"lazy\" decoding=\"async\" width=\"800\" height=\"533\" src=\"http:\/\/31.217.196.220\/~pzgtfdch\/wp-content\/uploads\/2020\/03\/kesa2018_25.jpg\" alt=\"\" class=\"wp-image-283\" srcset=\"https:\/\/www.kaukinen.net\/wp-content\/uploads\/2020\/03\/kesa2018_25.jpg 800w, https:\/\/www.kaukinen.net\/wp-content\/uploads\/2020\/03\/kesa2018_25-300x200.jpg 300w, https:\/\/www.kaukinen.net\/wp-content\/uploads\/2020\/03\/kesa2018_25-768x512.jpg 768w\" sizes=\"(max-width: 800px) 85vw, 800px\" \/><\/figure>\n\n\n\n<figure class=\"wp-block-image\"><img loading=\"lazy\" decoding=\"async\" width=\"800\" height=\"533\" src=\"http:\/\/31.217.196.220\/~pzgtfdch\/wp-content\/uploads\/2020\/03\/kesa2018_26.jpg\" alt=\"\" class=\"wp-image-289\" srcset=\"https:\/\/www.kaukinen.net\/wp-content\/uploads\/2020\/03\/kesa2018_26.jpg 800w, https:\/\/www.kaukinen.net\/wp-content\/uploads\/2020\/03\/kesa2018_26-300x200.jpg 300w, https:\/\/www.kaukinen.net\/wp-content\/uploads\/2020\/03\/kesa2018_26-768x512.jpg 768w\" sizes=\"(max-width: 800px) 85vw, 800px\" \/><figcaption class=\"wp-element-caption\">Kaakkuri, j\u00e4rvi on edelleen Prestvannet.<\/figcaption><\/figure>\n\n\n\n<figure class=\"wp-block-image\"><img loading=\"lazy\" decoding=\"async\" width=\"800\" height=\"533\" src=\"http:\/\/31.217.196.220\/~pzgtfdch\/wp-content\/uploads\/2020\/03\/kesa2018_27.jpg\" alt=\"\" class=\"wp-image-290\" srcset=\"https:\/\/www.kaukinen.net\/wp-content\/uploads\/2020\/03\/kesa2018_27.jpg 800w, https:\/\/www.kaukinen.net\/wp-content\/uploads\/2020\/03\/kesa2018_27-300x200.jpg 300w, https:\/\/www.kaukinen.net\/wp-content\/uploads\/2020\/03\/kesa2018_27-768x512.jpg 768w\" sizes=\"(max-width: 800px) 85vw, 800px\" \/><figcaption class=\"wp-element-caption\">Hilles\u00f8ytoppen. T\u00e4m\u00e4 oli taas norjalaisen mittapuun helppo reitti. No, oli miten oli, mutta n\u00e4kym\u00e4t ovat hienot!<\/figcaption><\/figure>\n\n\n\n<figure class=\"wp-block-image\"><img loading=\"lazy\" decoding=\"async\" width=\"800\" height=\"533\" src=\"http:\/\/31.217.196.220\/~pzgtfdch\/wp-content\/uploads\/2020\/03\/kesa2018_28.jpg\" alt=\"\" class=\"wp-image-299\" srcset=\"https:\/\/www.kaukinen.net\/wp-content\/uploads\/2020\/03\/kesa2018_28.jpg 800w, https:\/\/www.kaukinen.net\/wp-content\/uploads\/2020\/03\/kesa2018_28-300x200.jpg 300w, https:\/\/www.kaukinen.net\/wp-content\/uploads\/2020\/03\/kesa2018_28-768x512.jpg 768w\" sizes=\"(max-width: 800px) 85vw, 800px\" \/><\/figure>\n\n\n\n<figure class=\"wp-block-image\"><img loading=\"lazy\" decoding=\"async\" width=\"800\" height=\"533\" src=\"http:\/\/31.217.196.220\/~pzgtfdch\/wp-content\/uploads\/2020\/03\/kesa2018_29.jpg\" alt=\"\" class=\"wp-image-298\" srcset=\"https:\/\/www.kaukinen.net\/wp-content\/uploads\/2020\/03\/kesa2018_29.jpg 800w, https:\/\/www.kaukinen.net\/wp-content\/uploads\/2020\/03\/kesa2018_29-300x200.jpg 300w, https:\/\/www.kaukinen.net\/wp-content\/uploads\/2020\/03\/kesa2018_29-768x512.jpg 768w\" sizes=\"(max-width: 800px) 85vw, 800px\" \/><figcaption class=\"wp-element-caption\">Tromssan kasvitieteellinen puutarha.<\/figcaption><\/figure>\n\n\n\n<figure class=\"wp-block-image\"><img loading=\"lazy\" decoding=\"async\" width=\"800\" height=\"533\" src=\"http:\/\/31.217.196.220\/~pzgtfdch\/wp-content\/uploads\/2020\/03\/kesa2018_30.jpg\" alt=\"\" class=\"wp-image-285\" srcset=\"https:\/\/www.kaukinen.net\/wp-content\/uploads\/2020\/03\/kesa2018_30.jpg 800w, https:\/\/www.kaukinen.net\/wp-content\/uploads\/2020\/03\/kesa2018_30-300x200.jpg 300w, https:\/\/www.kaukinen.net\/wp-content\/uploads\/2020\/03\/kesa2018_30-768x512.jpg 768w\" sizes=\"(max-width: 800px) 85vw, 800px\" \/><figcaption class=\"wp-element-caption\">Tromssaa v\u00e4h\u00e4n korkeammalta katsottuna. N\u00e4k\u00f6alahissi &#8211; Fjellheisen &#8211; vie tunturin huipulle 421 metri\u00e4 merenpinnan yl\u00e4puolelle.&nbsp;<\/figcaption><\/figure>\n\n\n\n<figure class=\"wp-block-image\"><img loading=\"lazy\" decoding=\"async\" width=\"800\" height=\"533\" src=\"http:\/\/31.217.196.220\/~pzgtfdch\/wp-content\/uploads\/2020\/03\/kesa2018_31.jpg\" alt=\"\" class=\"wp-image-284\" srcset=\"https:\/\/www.kaukinen.net\/wp-content\/uploads\/2020\/03\/kesa2018_31.jpg 800w, https:\/\/www.kaukinen.net\/wp-content\/uploads\/2020\/03\/kesa2018_31-300x200.jpg 300w, https:\/\/www.kaukinen.net\/wp-content\/uploads\/2020\/03\/kesa2018_31-768x512.jpg 768w\" sizes=\"(max-width: 800px) 85vw, 800px\" \/><\/figure>\n\n\n\n<figure class=\"wp-block-image\"><img loading=\"lazy\" decoding=\"async\" width=\"800\" height=\"533\" src=\"http:\/\/31.217.196.220\/~pzgtfdch\/wp-content\/uploads\/2020\/03\/kesa2018_32.jpg\" alt=\"\" class=\"wp-image-288\" srcset=\"https:\/\/www.kaukinen.net\/wp-content\/uploads\/2020\/03\/kesa2018_32.jpg 800w, https:\/\/www.kaukinen.net\/wp-content\/uploads\/2020\/03\/kesa2018_32-300x200.jpg 300w, https:\/\/www.kaukinen.net\/wp-content\/uploads\/2020\/03\/kesa2018_32-768x512.jpg 768w\" sizes=\"(max-width: 800px) 85vw, 800px\" \/><figcaption class=\"wp-element-caption\">Leirint\u00f6alue n\u00e4kyy oikeassa alanurkassa, urheilukent\u00e4n vasemmalla puolella.<\/figcaption><\/figure>\n\n\n\n<figure class=\"wp-block-image\"><img loading=\"lazy\" decoding=\"async\" width=\"800\" height=\"533\" src=\"http:\/\/31.217.196.220\/~pzgtfdch\/wp-content\/uploads\/2020\/03\/kesa2018_33.jpg\" alt=\"\" class=\"wp-image-291\" srcset=\"https:\/\/www.kaukinen.net\/wp-content\/uploads\/2020\/03\/kesa2018_33.jpg 800w, https:\/\/www.kaukinen.net\/wp-content\/uploads\/2020\/03\/kesa2018_33-300x200.jpg 300w, https:\/\/www.kaukinen.net\/wp-content\/uploads\/2020\/03\/kesa2018_33-768x512.jpg 768w\" sizes=\"(max-width: 800px) 85vw, 800px\" \/><figcaption class=\"wp-element-caption\">Pontus leirint\u00e4alueen l\u00e4heisyyydess\u00e4.<\/figcaption><\/figure>\n\n\n\n<figure class=\"wp-block-image\"><img loading=\"lazy\" decoding=\"async\" width=\"800\" height=\"533\" src=\"http:\/\/31.217.196.220\/~pzgtfdch\/wp-content\/uploads\/2020\/03\/kesa2018_34.jpg\" alt=\"\" class=\"wp-image-277\" srcset=\"https:\/\/www.kaukinen.net\/wp-content\/uploads\/2020\/03\/kesa2018_34.jpg 800w, https:\/\/www.kaukinen.net\/wp-content\/uploads\/2020\/03\/kesa2018_34-300x200.jpg 300w, https:\/\/www.kaukinen.net\/wp-content\/uploads\/2020\/03\/kesa2018_34-768x512.jpg 768w\" sizes=\"(max-width: 800px) 85vw, 800px\" \/><figcaption class=\"wp-element-caption\">Matkalla Kilpisj\u00e4rve\u00e4 kohti. Kuva on viel\u00e4 Norjan puolelta.<\/figcaption><\/figure>\n\n\n\n<figure class=\"wp-block-image\"><img loading=\"lazy\" decoding=\"async\" width=\"800\" height=\"533\" src=\"http:\/\/31.217.196.220\/~pzgtfdch\/wp-content\/uploads\/2020\/03\/kesa2018_35.jpg\" alt=\"\" class=\"wp-image-280\" srcset=\"https:\/\/www.kaukinen.net\/wp-content\/uploads\/2020\/03\/kesa2018_35.jpg 800w, https:\/\/www.kaukinen.net\/wp-content\/uploads\/2020\/03\/kesa2018_35-300x200.jpg 300w, https:\/\/www.kaukinen.net\/wp-content\/uploads\/2020\/03\/kesa2018_35-768x512.jpg 768w\" sizes=\"(max-width: 800px) 85vw, 800px\" \/><figcaption class=\"wp-element-caption\">&nbsp;\u00c4k\u00e4slompolossa vietettiin pari helteist\u00e4 p\u00e4iv\u00e4\u00e4. Kuvat ovat Varkaankurun luontopolulta.<\/figcaption><\/figure>\n\n\n\n<figure class=\"wp-block-image\"><img loading=\"lazy\" decoding=\"async\" width=\"800\" height=\"533\" src=\"http:\/\/31.217.196.220\/~pzgtfdch\/wp-content\/uploads\/2020\/03\/kesa2018_36.jpg\" alt=\"\" class=\"wp-image-275\" srcset=\"https:\/\/www.kaukinen.net\/wp-content\/uploads\/2020\/03\/kesa2018_36.jpg 800w, https:\/\/www.kaukinen.net\/wp-content\/uploads\/2020\/03\/kesa2018_36-300x200.jpg 300w, https:\/\/www.kaukinen.net\/wp-content\/uploads\/2020\/03\/kesa2018_36-768x512.jpg 768w\" sizes=\"(max-width: 800px) 85vw, 800px\" \/><\/figure>\n\n\n\n<figure class=\"wp-block-image\"><img loading=\"lazy\" decoding=\"async\" width=\"800\" height=\"533\" src=\"http:\/\/31.217.196.220\/~pzgtfdch\/wp-content\/uploads\/2020\/03\/kesa2018_37.jpg\" alt=\"\" class=\"wp-image-271\" srcset=\"https:\/\/www.kaukinen.net\/wp-content\/uploads\/2020\/03\/kesa2018_37.jpg 800w, https:\/\/www.kaukinen.net\/wp-content\/uploads\/2020\/03\/kesa2018_37-300x200.jpg 300w, https:\/\/www.kaukinen.net\/wp-content\/uploads\/2020\/03\/kesa2018_37-768x512.jpg 768w\" sizes=\"(max-width: 800px) 85vw, 800px\" \/><figcaption class=\"wp-element-caption\">K\u00e4velyll\u00e4 ollessa pidettiin huoli, ett\u00e4 koirile  annettiin vett\u00e4 usein, ja niille tarjottiin my\u00f6s mahdollisuutta vedess\u00e4 vilvoitteluun. Ja kun tultiin takaisin vaunulle, n\u00e4m\u00e4 loikoilivat l\u00e4mpim\u00e4ss\u00e4 ulkona tai peittojen v\u00e4liss\u00e4 sis\u00e4ll\u00e4!<\/figcaption><\/figure>\n\n\n\n<figure class=\"wp-block-image\"><img loading=\"lazy\" decoding=\"async\" width=\"800\" height=\"533\" src=\"http:\/\/31.217.196.220\/~pzgtfdch\/wp-content\/uploads\/2020\/03\/kesa2018_38.jpg\" alt=\"\" class=\"wp-image-301\" srcset=\"https:\/\/www.kaukinen.net\/wp-content\/uploads\/2020\/03\/kesa2018_38.jpg 800w, https:\/\/www.kaukinen.net\/wp-content\/uploads\/2020\/03\/kesa2018_38-300x200.jpg 300w, https:\/\/www.kaukinen.net\/wp-content\/uploads\/2020\/03\/kesa2018_38-768x512.jpg 768w\" sizes=\"(max-width: 800px) 85vw, 800px\" \/><\/figure>\n","protected":false},"excerpt":{"rendered":"","protected":false},"author":1,"featured_media":0,"parent":319,"menu_order":0,"comment_status":"closed","ping_status":"closed","template":"","meta":{"footnotes":""},"jetpack_sharing_enabled":true,"_links":{"self":[{"href":"https:\/\/www.kaukinen.net\/index.php?rest_route=\/wp\/v2\/pages\/310"}],"collection":[{"href":"https:\/\/www.kaukinen.net\/index.php?rest_route=\/wp\/v2\/pages"}],"about":[{"href":"https:\/\/www.kaukinen.net\/index.php?rest_route=\/wp\/v2\/types\/page"}],"author":[{"embeddable":true,"href":"https:\/\/www.kaukinen.net\/index.php?rest_route=\/wp\/v2\/users\/1"}],"replies":[{"embeddable":true,"href":"https:\/\/www.kaukinen.net\/index.php?rest_route=%2Fwp%2Fv2%2Fcomments&post=310"}],"version-history":[{"count":7,"href":"https:\/\/www.kaukinen.net\/index.php?rest_route=\/wp\/v2\/pages\/310\/revisions"}],"predecessor-version":[{"id":1988,"href":"https:\/\/www.kaukinen.net\/index.php?rest_route=\/wp\/v2\/pages\/310\/revisions\/1988"}],"up":[{"embeddable":true,"href":"https:\/\/www.kaukinen.net\/index.php?rest_route=\/wp\/v2\/pages\/319"}],"wp:attachment":[{"href":"https:\/\/www.kaukinen.net\/index.php?rest_route=%2Fwp%2Fv2%2Fmedia&parent=310"}],"curies":[{"name":"wp","href":"https:\/\/api.w.org\/{rel}","templated":true}]}}