{"id":319,"date":"2020-03-12T08:09:05","date_gmt":"2020-03-12T08:09:05","guid":{"rendered":"http:\/\/31.217.196.220\/~pzgtfdch\/?page_id=319"},"modified":"2026-01-04T14:32:19","modified_gmt":"2026-01-04T14:32:19","slug":"reissukuvia","status":"publish","type":"page","link":"https:\/\/www.kaukinen.net\/?page_id=319","title":{"rendered":"Reissukuvat"},"content":{"rendered":"\n<p>Kes\u00e4lomareissut suuntautuvat usein pohjoiseen, sek\u00e4 Suomen Lappiin ett\u00e4 Norjan ja Ruotsin puolelle. Koirat matkustavat mukana, joten asuntovaunulla reissaaminen on k\u00e4tev\u00e4\u00e4.<\/p>\n\n\n\n<ul>\n<li><a href=\"https:\/\/www.kaukinen.net\/?page_id=2180\" data-type=\"page\" data-id=\"2180\">Skibotn, Senja, Tromssa, Yll\u00e4s &#8211; kes\u00e4 2025 <\/a><\/li>\n\n\n\n<li><a href=\"https:\/\/www.kaukinen.net\/?page_id=2090\" data-type=\"page\" data-id=\"2090\">Yll\u00e4s, Alta, Nordkapp, Hammerfest, Saariselk\u00e4 &#8211; kes\u00e4 2024<\/a><\/li>\n\n\n\n<li><a href=\"https:\/\/www.kaukinen.net\/?page_id=1989\" data-type=\"page\" data-id=\"1989\">Salla, Varanginvuono, Saariselk\u00e4 &#8211; kes\u00e4 2023<\/a><\/li>\n\n\n\n<li><a href=\"https:\/\/www.kaukinen.net\/?page_id=1881\" data-type=\"page\" data-id=\"1881\">Yll\u00e4s, Tromssa, Andenes, J\u00e4llivaara &#8211; kes\u00e4 2022<\/a><\/li>\n\n\n\n<li><a href=\"https:\/\/www.kaukinen.net\/?page_id=1855\" data-type=\"page\" data-id=\"1855\">Salla, talvi 2022<\/a><\/li>\n\n\n\n<li><a href=\"https:\/\/www.kaukinen.net\/?page_id=1796\" data-type=\"page\" data-id=\"1796\">Salla ja Vuokatti, kes\u00e4 2021<\/a><\/li>\n\n\n\n<li><a href=\"https:\/\/www.kaukinen.net\/?page_id=1638\" data-type=\"page\" data-id=\"1638\">Tromssa \u2013 Yll\u00e4s \u2013 Salla \u2013 Savonlinna, kes\u00e4 2020<\/a><\/li>\n\n\n\n<li><a href=\"http:\/\/31.217.196.220\/~pzgtfdch\/?page_id=246\">Lyngen &#8211; Alta &#8211; Nordkapp &#8211; Lakselv, kes\u00e4 2019<\/a><\/li>\n\n\n\n<li><a href=\"http:\/\/31.217.196.220\/~pzgtfdch\/?page_id=310\">Storforsen Senja &#8211; Tromssa &#8211; \u00c4k\u00e4slompolo, kes\u00e4 2018<\/a><\/li>\n\n\n\n<li><a href=\"http:\/\/31.217.196.220\/~pzgtfdch\/?page_id=84\">Saariselk\u00e4 ja Varanginvuono, kes\u00e4 2017<\/a><\/li>\n\n\n\n<li><a href=\"http:\/\/31.217.196.220\/~pzgtfdch\/?page_id=394\">Koirasalmi, Kokkola ja Pyh\u00e4, kes\u00e4 2016<\/a><\/li>\n\n\n\n<li><a href=\"https:\/\/www.kaukinen.net\/?page_id=1359\">Saariselk\u00e4, Inari, syksy 2015<\/a><\/li>\n\n\n\n<li><a href=\"http:\/\/31.217.196.220\/~pzgtfdch\/?page_id=506\">Pohjois-Suomi ja Lofootit, kes\u00e4 2015<\/a><\/li>\n\n\n\n<li><a href=\"http:\/\/31.217.196.220\/~pzgtfdch\/?page_id=513\">Kokkola, Levi ja Skibotn, kes\u00e4 2014<\/a><\/li>\n\n\n\n<li><a href=\"http:\/\/31.217.196.220\/~pzgtfdch\/?page_id=551\">Saariselk\u00e4, Varanginvuono ja Yll\u00e4s, kes\u00e4 2013<\/a><\/li>\n\n\n\n<li><a href=\"https:\/\/www.kaukinen.net\/?page_id=866\">And\u00f8ya, Harstad ja Lofootit, kes\u00e4 2012<\/a><\/li>\n\n\n\n<li><a href=\"https:\/\/www.kaukinen.net\/?page_id=958\">Sognefjellet ja rannikkotie (Norja), kes\u00e4 2011<\/a><\/li>\n\n\n\n<li><a href=\"https:\/\/www.kaukinen.net\/?page_id=969\">Nordkapp ja Alta, kes\u00e4 2010<\/a><\/li>\n\n\n\n<li><a href=\"https:\/\/www.kaukinen.net\/?page_id=1054\">Bod\u00f8 ja Senja, kes\u00e4 2009<\/a><\/li>\n\n\n\n<li><a href=\"https:\/\/www.kaukinen.net\/?page_id=1061\">Lofootit ja Tromssa, kes\u00e4 2008<\/a><\/li>\n\n\n\n<li><a href=\"https:\/\/www.kaukinen.net\/?page_id=1131\">Pohjois-Suomi, syyskes\u00e4 2006<\/a><\/li>\n<\/ul>\n\n\n\n<p>Talvella meill\u00e4 on ollut tapana viett\u00e4\u00e4 viikko Yll\u00e4ksell\u00e4.<\/p>\n\n\n\n<p><a href=\"https:\/\/www.kaukinen.net\/?page_id=670\">Talvikuvia Yll\u00e4kselt\u00e4<\/a><\/p>\n","protected":false},"excerpt":{"rendered":"<p>Kes\u00e4lomareissut suuntautuvat usein pohjoiseen, sek\u00e4 Suomen Lappiin ett\u00e4 Norjan ja Ruotsin puolelle. Koirat matkustavat mukana, joten asuntovaunulla reissaaminen on k\u00e4tev\u00e4\u00e4. Talvella meill\u00e4 on ollut tapana viett\u00e4\u00e4 viikko Yll\u00e4ksell\u00e4. Talvikuvia Yll\u00e4kselt\u00e4<\/p>\n","protected":false},"author":1,"featured_media":323,"parent":0,"menu_order":0,"comment_status":"closed","ping_status":"closed","template":"","meta":{"footnotes":""},"jetpack_sharing_enabled":true,"_links":{"self":[{"href":"https:\/\/www.kaukinen.net\/index.php?rest_route=\/wp\/v2\/pages\/319"}],"collection":[{"href":"https:\/\/www.kaukinen.net\/index.php?rest_route=\/wp\/v2\/pages"}],"about":[{"href":"https:\/\/www.kaukinen.net\/index.php?rest_route=\/wp\/v2\/types\/page"}],"author":[{"embeddable":true,"href":"https:\/\/www.kaukinen.net\/index.php?rest_route=\/wp\/v2\/users\/1"}],"replies":[{"embeddable":true,"href":"https:\/\/www.kaukinen.net\/index.php?rest_route=%2Fwp%2Fv2%2Fcomments&post=319"}],"version-history":[{"count":28,"href":"https:\/\/www.kaukinen.net\/index.php?rest_route=\/wp\/v2\/pages\/319\/revisions"}],"predecessor-version":[{"id":2185,"href":"https:\/\/www.kaukinen.net\/index.php?rest_route=\/wp\/v2\/pages\/319\/revisions\/2185"}],"wp:featuredmedia":[{"embeddable":true,"href":"https:\/\/www.kaukinen.net\/index.php?rest_route=\/wp\/v2\/media\/323"}],"wp:attachment":[{"href":"https:\/\/www.kaukinen.net\/index.php?rest_route=%2Fwp%2Fv2%2Fmedia&parent=319"}],"curies":[{"name":"wp","href":"https:\/\/api.w.org\/{rel}","templated":true}]}}