{"id":513,"date":"2020-03-13T06:03:47","date_gmt":"2020-03-13T06:03:47","guid":{"rendered":"http:\/\/31.217.196.220\/~pzgtfdch\/?page_id=513"},"modified":"2023-05-22T10:19:36","modified_gmt":"2023-05-22T10:19:36","slug":"kokkola-levi-ja-skibotn-kesa-2014","status":"publish","type":"page","link":"https:\/\/www.kaukinen.net\/?page_id=513","title":{"rendered":"Kokkola, Levi ja Skibotn, kes\u00e4 2014"},"content":{"rendered":"\n<figure class=\"wp-block-image\"><img loading=\"lazy\" decoding=\"async\" width=\"355\" height=\"533\" src=\"http:\/\/31.217.196.220\/~pzgtfdch\/wp-content\/uploads\/2020\/03\/kesa2014_00.jpg\" alt=\"\" class=\"wp-image-549\" srcset=\"https:\/\/www.kaukinen.net\/wp-content\/uploads\/2020\/03\/kesa2014_00.jpg 355w, https:\/\/www.kaukinen.net\/wp-content\/uploads\/2020\/03\/kesa2014_00-200x300.jpg 200w\" sizes=\"(max-width: 355px) 85vw, 355px\" \/><figcaption class=\"wp-element-caption\">Kokkola 8.7.2014. Melko l\u00e4mmint\u00e4 on, tuumaavat Putte ja Pontus.<\/figcaption><\/figure>\n\n\n\n<figure class=\"wp-block-image\"><img loading=\"lazy\" decoding=\"async\" width=\"355\" height=\"533\" src=\"http:\/\/31.217.196.220\/~pzgtfdch\/wp-content\/uploads\/2020\/03\/kesa2014_01.jpg\" alt=\"\" class=\"wp-image-547\" srcset=\"https:\/\/www.kaukinen.net\/wp-content\/uploads\/2020\/03\/kesa2014_01.jpg 355w, https:\/\/www.kaukinen.net\/wp-content\/uploads\/2020\/03\/kesa2014_01-200x300.jpg 200w\" sizes=\"(max-width: 355px) 85vw, 355px\" \/><figcaption class=\"wp-element-caption\">Kisat sujuivat loistavasti Markulla ja Jussilla, ja Jussista tuli viikonlopun aikana Suomen Agilityvalio.<\/figcaption><\/figure>\n\n\n\n<figure class=\"wp-block-image\"><img loading=\"lazy\" decoding=\"async\" width=\"512\" height=\"768\" src=\"http:\/\/31.217.196.220\/~pzgtfdch\/wp-content\/uploads\/2020\/03\/kesa2014_02.jpg\" alt=\"\" class=\"wp-image-546\" srcset=\"https:\/\/www.kaukinen.net\/wp-content\/uploads\/2020\/03\/kesa2014_02.jpg 512w, https:\/\/www.kaukinen.net\/wp-content\/uploads\/2020\/03\/kesa2014_02-200x300.jpg 200w\" sizes=\"(max-width: 512px) 85vw, 512px\" \/><figcaption class=\"wp-element-caption\">Viel\u00e4 muutama kuva Kokkolasta.<\/figcaption><\/figure>\n\n\n\n<figure class=\"wp-block-image\"><img loading=\"lazy\" decoding=\"async\" width=\"355\" height=\"533\" src=\"http:\/\/31.217.196.220\/~pzgtfdch\/wp-content\/uploads\/2020\/03\/kesa2014_03.jpg\" alt=\"\" class=\"wp-image-545\" srcset=\"https:\/\/www.kaukinen.net\/wp-content\/uploads\/2020\/03\/kesa2014_03.jpg 355w, https:\/\/www.kaukinen.net\/wp-content\/uploads\/2020\/03\/kesa2014_03-200x300.jpg 200w\" sizes=\"(max-width: 355px) 85vw, 355px\" \/><\/figure>\n\n\n\n<figure class=\"wp-block-image\"><img loading=\"lazy\" decoding=\"async\" width=\"800\" height=\"533\" src=\"http:\/\/31.217.196.220\/~pzgtfdch\/wp-content\/uploads\/2020\/03\/kesa2014_04.jpg\" alt=\"\" class=\"wp-image-544\" srcset=\"https:\/\/www.kaukinen.net\/wp-content\/uploads\/2020\/03\/kesa2014_04.jpg 800w, https:\/\/www.kaukinen.net\/wp-content\/uploads\/2020\/03\/kesa2014_04-300x200.jpg 300w, https:\/\/www.kaukinen.net\/wp-content\/uploads\/2020\/03\/kesa2014_04-768x512.jpg 768w\" sizes=\"(max-width: 800px) 85vw, 800px\" \/><\/figure>\n\n\n\n<figure class=\"wp-block-image\"><img loading=\"lazy\" decoding=\"async\" width=\"800\" height=\"533\" src=\"http:\/\/31.217.196.220\/~pzgtfdch\/wp-content\/uploads\/2020\/03\/kesa2014_05.jpg\" alt=\"\" class=\"wp-image-543\" srcset=\"https:\/\/www.kaukinen.net\/wp-content\/uploads\/2020\/03\/kesa2014_05.jpg 800w, https:\/\/www.kaukinen.net\/wp-content\/uploads\/2020\/03\/kesa2014_05-300x200.jpg 300w, https:\/\/www.kaukinen.net\/wp-content\/uploads\/2020\/03\/kesa2014_05-768x512.jpg 768w\" sizes=\"(max-width: 800px) 85vw, 800px\" \/><figcaption class=\"wp-element-caption\">Tornio 15.7.2014<\/figcaption><\/figure>\n\n\n\n<figure class=\"wp-block-image\"><img loading=\"lazy\" decoding=\"async\" width=\"800\" height=\"533\" src=\"http:\/\/31.217.196.220\/~pzgtfdch\/wp-content\/uploads\/2020\/03\/kesa2014_06.jpg\" alt=\"\" class=\"wp-image-542\" srcset=\"https:\/\/www.kaukinen.net\/wp-content\/uploads\/2020\/03\/kesa2014_06.jpg 800w, https:\/\/www.kaukinen.net\/wp-content\/uploads\/2020\/03\/kesa2014_06-300x200.jpg 300w, https:\/\/www.kaukinen.net\/wp-content\/uploads\/2020\/03\/kesa2014_06-768x512.jpg 768w\" sizes=\"(max-width: 800px) 85vw, 800px\" \/><figcaption class=\"wp-element-caption\">Levi 17.7.2014<\/figcaption><\/figure>\n\n\n\n<figure class=\"wp-block-image\"><img loading=\"lazy\" decoding=\"async\" width=\"800\" height=\"533\" src=\"http:\/\/31.217.196.220\/~pzgtfdch\/wp-content\/uploads\/2020\/03\/kesa2014_07.jpg\" alt=\"\" class=\"wp-image-541\" srcset=\"https:\/\/www.kaukinen.net\/wp-content\/uploads\/2020\/03\/kesa2014_07.jpg 800w, https:\/\/www.kaukinen.net\/wp-content\/uploads\/2020\/03\/kesa2014_07-300x200.jpg 300w, https:\/\/www.kaukinen.net\/wp-content\/uploads\/2020\/03\/kesa2014_07-768x512.jpg 768w\" sizes=\"(max-width: 800px) 85vw, 800px\" \/><\/figure>\n\n\n\n<figure class=\"wp-block-image\"><img loading=\"lazy\" decoding=\"async\" width=\"800\" height=\"533\" src=\"http:\/\/31.217.196.220\/~pzgtfdch\/wp-content\/uploads\/2020\/03\/kesa2014_08.jpg\" alt=\"\" class=\"wp-image-540\" srcset=\"https:\/\/www.kaukinen.net\/wp-content\/uploads\/2020\/03\/kesa2014_08.jpg 800w, https:\/\/www.kaukinen.net\/wp-content\/uploads\/2020\/03\/kesa2014_08-300x200.jpg 300w, https:\/\/www.kaukinen.net\/wp-content\/uploads\/2020\/03\/kesa2014_08-768x512.jpg 768w\" sizes=\"(max-width: 800px) 85vw, 800px\" \/><\/figure>\n\n\n\n<figure class=\"wp-block-image\"><img loading=\"lazy\" decoding=\"async\" width=\"800\" height=\"533\" src=\"http:\/\/31.217.196.220\/~pzgtfdch\/wp-content\/uploads\/2020\/03\/kesa2014_09.jpg\" alt=\"\" class=\"wp-image-539\" srcset=\"https:\/\/www.kaukinen.net\/wp-content\/uploads\/2020\/03\/kesa2014_09.jpg 800w, https:\/\/www.kaukinen.net\/wp-content\/uploads\/2020\/03\/kesa2014_09-300x200.jpg 300w, https:\/\/www.kaukinen.net\/wp-content\/uploads\/2020\/03\/kesa2014_09-768x512.jpg 768w\" sizes=\"(max-width: 800px) 85vw, 800px\" \/><figcaption class=\"wp-element-caption\">Levilt\u00e4 jatkoimme Norjaan, Skibotn-nimiseen paikkaan. Strandbu Camping -leirint\u00e4alueella vaunu saatiin hienolle paikalle joenrantaan.<\/figcaption><\/figure>\n\n\n\n<figure class=\"wp-block-image\"><img loading=\"lazy\" decoding=\"async\" width=\"800\" height=\"533\" src=\"http:\/\/31.217.196.220\/~pzgtfdch\/wp-content\/uploads\/2020\/03\/kesa2014_10.jpg\" alt=\"\" class=\"wp-image-538\" srcset=\"https:\/\/www.kaukinen.net\/wp-content\/uploads\/2020\/03\/kesa2014_10.jpg 800w, https:\/\/www.kaukinen.net\/wp-content\/uploads\/2020\/03\/kesa2014_10-300x200.jpg 300w, https:\/\/www.kaukinen.net\/wp-content\/uploads\/2020\/03\/kesa2014_10-768x512.jpg 768w\" sizes=\"(max-width: 800px) 85vw, 800px\" \/><\/figure>\n\n\n\n<figure class=\"wp-block-image\"><img loading=\"lazy\" decoding=\"async\" width=\"800\" height=\"533\" src=\"http:\/\/31.217.196.220\/~pzgtfdch\/wp-content\/uploads\/2020\/03\/kesa2014_11.jpg\" alt=\"\" class=\"wp-image-537\" srcset=\"https:\/\/www.kaukinen.net\/wp-content\/uploads\/2020\/03\/kesa2014_11.jpg 800w, https:\/\/www.kaukinen.net\/wp-content\/uploads\/2020\/03\/kesa2014_11-300x200.jpg 300w, https:\/\/www.kaukinen.net\/wp-content\/uploads\/2020\/03\/kesa2014_11-768x512.jpg 768w\" sizes=\"(max-width: 800px) 85vw, 800px\" \/><\/figure>\n\n\n\n<figure class=\"wp-block-image\"><img loading=\"lazy\" decoding=\"async\" width=\"800\" height=\"533\" src=\"http:\/\/31.217.196.220\/~pzgtfdch\/wp-content\/uploads\/2020\/03\/kesa2014_12.jpg\" alt=\"\" class=\"wp-image-536\" srcset=\"https:\/\/www.kaukinen.net\/wp-content\/uploads\/2020\/03\/kesa2014_12.jpg 800w, https:\/\/www.kaukinen.net\/wp-content\/uploads\/2020\/03\/kesa2014_12-300x200.jpg 300w, https:\/\/www.kaukinen.net\/wp-content\/uploads\/2020\/03\/kesa2014_12-768x512.jpg 768w\" sizes=\"(max-width: 800px) 85vw, 800px\" \/><\/figure>\n\n\n\n<figure class=\"wp-block-image\"><img loading=\"lazy\" decoding=\"async\" width=\"800\" height=\"533\" src=\"http:\/\/31.217.196.220\/~pzgtfdch\/wp-content\/uploads\/2020\/03\/kesa2014_13.jpg\" alt=\"\" class=\"wp-image-535\" srcset=\"https:\/\/www.kaukinen.net\/wp-content\/uploads\/2020\/03\/kesa2014_13.jpg 800w, https:\/\/www.kaukinen.net\/wp-content\/uploads\/2020\/03\/kesa2014_13-300x200.jpg 300w, https:\/\/www.kaukinen.net\/wp-content\/uploads\/2020\/03\/kesa2014_13-768x512.jpg 768w\" sizes=\"(max-width: 800px) 85vw, 800px\" \/><figcaption class=\"wp-element-caption\">Punajalkaviklo Sp\u00e5kenesiss\u00e4.<\/figcaption><\/figure>\n\n\n\n<figure class=\"wp-block-image\"><img loading=\"lazy\" decoding=\"async\" width=\"800\" height=\"533\" src=\"http:\/\/31.217.196.220\/~pzgtfdch\/wp-content\/uploads\/2020\/03\/kesa2014_14.jpg\" alt=\"\" class=\"wp-image-534\" srcset=\"https:\/\/www.kaukinen.net\/wp-content\/uploads\/2020\/03\/kesa2014_14.jpg 800w, https:\/\/www.kaukinen.net\/wp-content\/uploads\/2020\/03\/kesa2014_14-300x200.jpg 300w, https:\/\/www.kaukinen.net\/wp-content\/uploads\/2020\/03\/kesa2014_14-768x512.jpg 768w\" sizes=\"(max-width: 800px) 85vw, 800px\" \/><figcaption class=\"wp-element-caption\">Sp\u00e5kenes<\/figcaption><\/figure>\n\n\n\n<figure class=\"wp-block-image\"><img loading=\"lazy\" decoding=\"async\" width=\"800\" height=\"533\" src=\"http:\/\/31.217.196.220\/~pzgtfdch\/wp-content\/uploads\/2020\/03\/kesa2014_15.jpg\" alt=\"\" class=\"wp-image-533\" srcset=\"https:\/\/www.kaukinen.net\/wp-content\/uploads\/2020\/03\/kesa2014_15.jpg 800w, https:\/\/www.kaukinen.net\/wp-content\/uploads\/2020\/03\/kesa2014_15-300x200.jpg 300w, https:\/\/www.kaukinen.net\/wp-content\/uploads\/2020\/03\/kesa2014_15-768x512.jpg 768w\" sizes=\"(max-width: 800px) 85vw, 800px\" \/><\/figure>\n\n\n\n<figure class=\"wp-block-image\"><img loading=\"lazy\" decoding=\"async\" width=\"800\" height=\"533\" src=\"http:\/\/31.217.196.220\/~pzgtfdch\/wp-content\/uploads\/2020\/03\/kesa2014_16.jpg\" alt=\"\" class=\"wp-image-532\" srcset=\"https:\/\/www.kaukinen.net\/wp-content\/uploads\/2020\/03\/kesa2014_16.jpg 800w, https:\/\/www.kaukinen.net\/wp-content\/uploads\/2020\/03\/kesa2014_16-300x200.jpg 300w, https:\/\/www.kaukinen.net\/wp-content\/uploads\/2020\/03\/kesa2014_16-768x512.jpg 768w\" sizes=\"(max-width: 800px) 85vw, 800px\" \/><figcaption class=\"wp-element-caption\">Toisen maailmansodan aikana saksalaiset rakensivat linnakkeen Sp\u00e5kenesiin.<\/figcaption><\/figure>\n\n\n\n<figure class=\"wp-block-image\"><img loading=\"lazy\" decoding=\"async\" width=\"800\" height=\"533\" src=\"http:\/\/31.217.196.220\/~pzgtfdch\/wp-content\/uploads\/2020\/03\/kesa2014_17.jpg\" alt=\"\" class=\"wp-image-531\" srcset=\"https:\/\/www.kaukinen.net\/wp-content\/uploads\/2020\/03\/kesa2014_17.jpg 800w, https:\/\/www.kaukinen.net\/wp-content\/uploads\/2020\/03\/kesa2014_17-300x200.jpg 300w, https:\/\/www.kaukinen.net\/wp-content\/uploads\/2020\/03\/kesa2014_17-768x512.jpg 768w\" sizes=\"(max-width: 800px) 85vw, 800px\" \/><figcaption class=\"wp-element-caption\">Olderdalen<\/figcaption><\/figure>\n\n\n\n<figure class=\"wp-block-image\"><img loading=\"lazy\" decoding=\"async\" width=\"800\" height=\"533\" src=\"http:\/\/31.217.196.220\/~pzgtfdch\/wp-content\/uploads\/2020\/03\/kesa2014_18.jpg\" alt=\"\" class=\"wp-image-530\" srcset=\"https:\/\/www.kaukinen.net\/wp-content\/uploads\/2020\/03\/kesa2014_18.jpg 800w, https:\/\/www.kaukinen.net\/wp-content\/uploads\/2020\/03\/kesa2014_18-300x200.jpg 300w, https:\/\/www.kaukinen.net\/wp-content\/uploads\/2020\/03\/kesa2014_18-768x512.jpg 768w\" sizes=\"(max-width: 800px) 85vw, 800px\" \/><figcaption class=\"wp-element-caption\">Nyt olemme retkell\u00e4 vuonon toisella puolella Lyngenin niemimaalla.<\/figcaption><\/figure>\n\n\n\n<figure class=\"wp-block-image\"><img loading=\"lazy\" decoding=\"async\" width=\"800\" height=\"533\" src=\"http:\/\/31.217.196.220\/~pzgtfdch\/wp-content\/uploads\/2020\/03\/kesa2014_19.jpg\" alt=\"\" class=\"wp-image-529\" srcset=\"https:\/\/www.kaukinen.net\/wp-content\/uploads\/2020\/03\/kesa2014_19.jpg 800w, https:\/\/www.kaukinen.net\/wp-content\/uploads\/2020\/03\/kesa2014_19-300x200.jpg 300w, https:\/\/www.kaukinen.net\/wp-content\/uploads\/2020\/03\/kesa2014_19-768x512.jpg 768w\" sizes=\"(max-width: 800px) 85vw, 800px\" \/><\/figure>\n\n\n\n<figure class=\"wp-block-image\"><img loading=\"lazy\" decoding=\"async\" width=\"800\" height=\"533\" src=\"http:\/\/31.217.196.220\/~pzgtfdch\/wp-content\/uploads\/2020\/03\/kesa2014_20.jpg\" alt=\"\" class=\"wp-image-528\" srcset=\"https:\/\/www.kaukinen.net\/wp-content\/uploads\/2020\/03\/kesa2014_20.jpg 800w, https:\/\/www.kaukinen.net\/wp-content\/uploads\/2020\/03\/kesa2014_20-300x200.jpg 300w, https:\/\/www.kaukinen.net\/wp-content\/uploads\/2020\/03\/kesa2014_20-768x512.jpg 768w\" sizes=\"(max-width: 800px) 85vw, 800px\" \/><figcaption class=\"wp-element-caption\">Lyngen<\/figcaption><\/figure>\n\n\n\n<figure class=\"wp-block-image\"><img loading=\"lazy\" decoding=\"async\" width=\"800\" height=\"533\" src=\"http:\/\/31.217.196.220\/~pzgtfdch\/wp-content\/uploads\/2020\/03\/kesa2014_21.jpg\" alt=\"\" class=\"wp-image-527\" srcset=\"https:\/\/www.kaukinen.net\/wp-content\/uploads\/2020\/03\/kesa2014_21.jpg 800w, https:\/\/www.kaukinen.net\/wp-content\/uploads\/2020\/03\/kesa2014_21-300x200.jpg 300w, https:\/\/www.kaukinen.net\/wp-content\/uploads\/2020\/03\/kesa2014_21-768x512.jpg 768w\" sizes=\"(max-width: 800px) 85vw, 800px\" \/><figcaption class=\"wp-element-caption\">Lyngseidet Gjesteg\u00e5rdin katkarapusalaatti.<\/figcaption><\/figure>\n\n\n\n<figure class=\"wp-block-image\"><img loading=\"lazy\" decoding=\"async\" width=\"800\" height=\"533\" src=\"http:\/\/31.217.196.220\/~pzgtfdch\/wp-content\/uploads\/2020\/03\/kesa2014_22.jpg\" alt=\"\" class=\"wp-image-526\" srcset=\"https:\/\/www.kaukinen.net\/wp-content\/uploads\/2020\/03\/kesa2014_22.jpg 800w, https:\/\/www.kaukinen.net\/wp-content\/uploads\/2020\/03\/kesa2014_22-300x200.jpg 300w, https:\/\/www.kaukinen.net\/wp-content\/uploads\/2020\/03\/kesa2014_22-768x512.jpg 768w\" sizes=\"(max-width: 800px) 85vw, 800px\" \/><figcaption class=\"wp-element-caption\">Viel\u00e4 kerran k\u00e4velyll\u00e4 leirint\u00e4alueen l\u00e4hell\u00e4, seuraavaksi ajamme Tromssan.<\/figcaption><\/figure>\n\n\n\n<figure class=\"wp-block-image\"><img loading=\"lazy\" decoding=\"async\" width=\"355\" height=\"533\" src=\"http:\/\/31.217.196.220\/~pzgtfdch\/wp-content\/uploads\/2020\/03\/kesa2014_23.jpg\" alt=\"\" class=\"wp-image-525\" srcset=\"https:\/\/www.kaukinen.net\/wp-content\/uploads\/2020\/03\/kesa2014_23.jpg 355w, https:\/\/www.kaukinen.net\/wp-content\/uploads\/2020\/03\/kesa2014_23-200x300.jpg 200w\" sizes=\"(max-width: 355px) 85vw, 355px\" \/><\/figure>\n\n\n\n<figure class=\"wp-block-image\"><img loading=\"lazy\" decoding=\"async\" width=\"800\" height=\"533\" src=\"http:\/\/31.217.196.220\/~pzgtfdch\/wp-content\/uploads\/2020\/03\/kesa2014_24.jpg\" alt=\"\" class=\"wp-image-524\" srcset=\"https:\/\/www.kaukinen.net\/wp-content\/uploads\/2020\/03\/kesa2014_24.jpg 800w, https:\/\/www.kaukinen.net\/wp-content\/uploads\/2020\/03\/kesa2014_24-300x200.jpg 300w, https:\/\/www.kaukinen.net\/wp-content\/uploads\/2020\/03\/kesa2014_24-768x512.jpg 768w\" sizes=\"(max-width: 800px) 85vw, 800px\" \/><figcaption class=\"wp-element-caption\">23.7.2014 Krokvatnet, Tromssa.<\/figcaption><\/figure>\n\n\n\n<figure class=\"wp-block-image\"><img loading=\"lazy\" decoding=\"async\" width=\"800\" height=\"533\" src=\"http:\/\/31.217.196.220\/~pzgtfdch\/wp-content\/uploads\/2020\/03\/kesa2014_25.jpg\" alt=\"\" class=\"wp-image-523\" srcset=\"https:\/\/www.kaukinen.net\/wp-content\/uploads\/2020\/03\/kesa2014_25.jpg 800w, https:\/\/www.kaukinen.net\/wp-content\/uploads\/2020\/03\/kesa2014_25-300x200.jpg 300w, https:\/\/www.kaukinen.net\/wp-content\/uploads\/2020\/03\/kesa2014_25-768x512.jpg 768w\" sizes=\"(max-width: 800px) 85vw, 800px\" \/><\/figure>\n\n\n\n<figure class=\"wp-block-image\"><img loading=\"lazy\" decoding=\"async\" width=\"800\" height=\"533\" src=\"http:\/\/31.217.196.220\/~pzgtfdch\/wp-content\/uploads\/2020\/03\/kesa2014_26.jpg\" alt=\"\" class=\"wp-image-522\" srcset=\"https:\/\/www.kaukinen.net\/wp-content\/uploads\/2020\/03\/kesa2014_26.jpg 800w, https:\/\/www.kaukinen.net\/wp-content\/uploads\/2020\/03\/kesa2014_26-300x200.jpg 300w, https:\/\/www.kaukinen.net\/wp-content\/uploads\/2020\/03\/kesa2014_26-768x512.jpg 768w\" sizes=\"(max-width: 800px) 85vw, 800px\" \/><\/figure>\n\n\n\n<figure class=\"wp-block-image\"><img loading=\"lazy\" decoding=\"async\" width=\"800\" height=\"533\" src=\"http:\/\/31.217.196.220\/~pzgtfdch\/wp-content\/uploads\/2020\/03\/kesa2014_27.jpg\" alt=\"\" class=\"wp-image-521\" srcset=\"https:\/\/www.kaukinen.net\/wp-content\/uploads\/2020\/03\/kesa2014_27.jpg 800w, https:\/\/www.kaukinen.net\/wp-content\/uploads\/2020\/03\/kesa2014_27-300x200.jpg 300w, https:\/\/www.kaukinen.net\/wp-content\/uploads\/2020\/03\/kesa2014_27-768x512.jpg 768w\" sizes=\"(max-width: 800px) 85vw, 800px\" \/><\/figure>\n\n\n\n<figure class=\"wp-block-image\"><img loading=\"lazy\" decoding=\"async\" width=\"800\" height=\"533\" src=\"http:\/\/31.217.196.220\/~pzgtfdch\/wp-content\/uploads\/2020\/03\/kesa2014_28.jpg\" alt=\"\" class=\"wp-image-520\" srcset=\"https:\/\/www.kaukinen.net\/wp-content\/uploads\/2020\/03\/kesa2014_28.jpg 800w, https:\/\/www.kaukinen.net\/wp-content\/uploads\/2020\/03\/kesa2014_28-300x200.jpg 300w, https:\/\/www.kaukinen.net\/wp-content\/uploads\/2020\/03\/kesa2014_28-768x512.jpg 768w\" sizes=\"(max-width: 800px) 85vw, 800px\" \/><figcaption class=\"wp-element-caption\">24.7.2014 Kroken<\/figcaption><\/figure>\n\n\n\n<figure class=\"wp-block-image\"><img loading=\"lazy\" decoding=\"async\" width=\"800\" height=\"533\" src=\"http:\/\/31.217.196.220\/~pzgtfdch\/wp-content\/uploads\/2020\/03\/kesa2014_29.jpg\" alt=\"\" class=\"wp-image-519\" srcset=\"https:\/\/www.kaukinen.net\/wp-content\/uploads\/2020\/03\/kesa2014_29.jpg 800w, https:\/\/www.kaukinen.net\/wp-content\/uploads\/2020\/03\/kesa2014_29-300x200.jpg 300w, https:\/\/www.kaukinen.net\/wp-content\/uploads\/2020\/03\/kesa2014_29-768x512.jpg 768w\" sizes=\"(max-width: 800px) 85vw, 800px\" \/><figcaption class=\"wp-element-caption\">Kisat k\u00e4ynnistym\u00e4ss\u00e4 Tromssassa.<\/figcaption><\/figure>\n\n\n\n<figure class=\"wp-block-image\"><img loading=\"lazy\" decoding=\"async\" width=\"800\" height=\"533\" src=\"http:\/\/31.217.196.220\/~pzgtfdch\/wp-content\/uploads\/2020\/03\/kesa2014_30.jpg\" alt=\"\" class=\"wp-image-518\" srcset=\"https:\/\/www.kaukinen.net\/wp-content\/uploads\/2020\/03\/kesa2014_30.jpg 800w, https:\/\/www.kaukinen.net\/wp-content\/uploads\/2020\/03\/kesa2014_30-300x200.jpg 300w, https:\/\/www.kaukinen.net\/wp-content\/uploads\/2020\/03\/kesa2014_30-768x512.jpg 768w\" sizes=\"(max-width: 800px) 85vw, 800px\" \/><figcaption class=\"wp-element-caption\">27.7.2014 Epun onneksi ukkonen ei tullut ihan p\u00e4\u00e4lle Kilpisj\u00e4rvell\u00e4.<\/figcaption><\/figure>\n\n\n\n<figure class=\"wp-block-image\"><img loading=\"lazy\" decoding=\"async\" width=\"512\" height=\"768\" src=\"http:\/\/31.217.196.220\/~pzgtfdch\/wp-content\/uploads\/2020\/03\/kesa2014_31.jpg\" alt=\"\" class=\"wp-image-517\" srcset=\"https:\/\/www.kaukinen.net\/wp-content\/uploads\/2020\/03\/kesa2014_31.jpg 512w, https:\/\/www.kaukinen.net\/wp-content\/uploads\/2020\/03\/kesa2014_31-200x300.jpg 200w\" sizes=\"(max-width: 512px) 85vw, 512px\" \/><\/figure>\n","protected":false},"excerpt":{"rendered":"","protected":false},"author":1,"featured_media":0,"parent":319,"menu_order":0,"comment_status":"closed","ping_status":"closed","template":"","meta":{"footnotes":""},"jetpack_sharing_enabled":true,"_links":{"self":[{"href":"https:\/\/www.kaukinen.net\/index.php?rest_route=\/wp\/v2\/pages\/513"}],"collection":[{"href":"https:\/\/www.kaukinen.net\/index.php?rest_route=\/wp\/v2\/pages"}],"about":[{"href":"https:\/\/www.kaukinen.net\/index.php?rest_route=\/wp\/v2\/types\/page"}],"author":[{"embeddable":true,"href":"https:\/\/www.kaukinen.net\/index.php?rest_route=\/wp\/v2\/users\/1"}],"replies":[{"embeddable":true,"href":"https:\/\/www.kaukinen.net\/index.php?rest_route=%2Fwp%2Fv2%2Fcomments&post=513"}],"version-history":[{"count":3,"href":"https:\/\/www.kaukinen.net\/index.php?rest_route=\/wp\/v2\/pages\/513\/revisions"}],"predecessor-version":[{"id":1977,"href":"https:\/\/www.kaukinen.net\/index.php?rest_route=\/wp\/v2\/pages\/513\/revisions\/1977"}],"up":[{"embeddable":true,"href":"https:\/\/www.kaukinen.net\/index.php?rest_route=\/wp\/v2\/pages\/319"}],"wp:attachment":[{"href":"https:\/\/www.kaukinen.net\/index.php?rest_route=%2Fwp%2Fv2%2Fmedia&parent=513"}],"curies":[{"name":"wp","href":"https:\/\/api.w.org\/{rel}","templated":true}]}}